{"id":10411,"date":"2022-06-30T15:21:51","date_gmt":"2022-06-30T13:21:51","guid":{"rendered":"https:\/\/www.aera-sa.fr\/schrumpffolien\/"},"modified":"2023-02-09T11:09:06","modified_gmt":"2023-02-09T10:09:06","slug":"schrumpffolien","status":"publish","type":"page","link":"https:\/\/www.aera-sa.fr\/de\/schrumpffolien\/","title":{"rendered":"Schrumpffolien"},"content":{"rendered":"\t\t<div data-elementor-type=\"wp-page\" data-elementor-id=\"10411\" class=\"elementor elementor-10411 elementor-4094\" data-elementor-post-type=\"page\">\n\t\t\t\t\t\t<section class=\"elementor-section elementor-top-section elementor-element elementor-element-518aaeb elementor-section-boxed elementor-section-height-default elementor-section-height-default\" data-id=\"518aaeb\" data-element_type=\"section\" data-settings=\"{&quot;background_background&quot;:&quot;classic&quot;}\">\n\t\t\t\t\t\t<div class=\"elementor-container elementor-column-gap-default\">\n\t\t\t\t\t<div class=\"elementor-column elementor-col-100 elementor-top-column elementor-element elementor-element-8c2107f\" data-id=\"8c2107f\" data-element_type=\"column\">\n\t\t\t<div class=\"elementor-widget-wrap elementor-element-populated\">\n\t\t\t\t\t\t<section class=\"elementor-section elementor-inner-section elementor-element elementor-element-1031899 elementor-section-full_width elementor-section-height-default elementor-section-height-default\" data-id=\"1031899\" data-element_type=\"section\">\n\t\t\t\t\t\t<div class=\"elementor-container elementor-column-gap-default\">\n\t\t\t\t\t<div class=\"elementor-column elementor-col-33 elementor-inner-column elementor-element elementor-element-60f11df\" data-id=\"60f11df\" data-element_type=\"column\">\n\t\t\t<div class=\"elementor-widget-wrap elementor-element-populated\">\n\t\t\t\t\t\t<div class=\"elementor-element elementor-element-29b5dab elementor-widget elementor-widget-image\" data-id=\"29b5dab\" data-element_type=\"widget\" data-widget_type=\"image.default\">\n\t\t\t\t<div class=\"elementor-widget-container\">\n\t\t\t\t\t\t\t\t\t\t\t\t\t\t\t<img decoding=\"async\" src=\"https:\/\/www.aera-sa.fr\/wp-content\/uploads\/elementor\/thumbs\/machine-8509-retoucheI\u0081e-q02bjrvloj1vcwwl2ai6qns67anp8rjkpyf5x9na9k.jpg\" title=\"machine-8509-retouche\u00cc\u0081e\" alt=\"machine-8509-retouche\u00cc\u0081e\" loading=\"lazy\" \/>\t\t\t\t\t\t\t\t\t\t\t\t\t\t\t<\/div>\n\t\t\t\t<\/div>\n\t\t\t\t\t<\/div>\n\t\t<\/div>\n\t\t\t\t<div class=\"elementor-column elementor-col-66 elementor-inner-column elementor-element elementor-element-ec2f0b4\" data-id=\"ec2f0b4\" data-element_type=\"column\">\n\t\t\t<div class=\"elementor-widget-wrap elementor-element-populated\">\n\t\t\t\t\t\t<div class=\"elementor-element elementor-element-3b258ff elementor-widget elementor-widget-heading\" data-id=\"3b258ff\" data-element_type=\"widget\" data-widget_type=\"heading.default\">\n\t\t\t\t<div class=\"elementor-widget-container\">\n\t\t\t\t\t<h2 class=\"elementor-heading-title elementor-size-default\">Schrumpf POF folien<\/h2>\t\t\t\t<\/div>\n\t\t\t\t<\/div>\n\t\t\t\t<div class=\"elementor-element elementor-element-1945859 elementor-widget elementor-widget-text-editor\" data-id=\"1945859\" data-element_type=\"widget\" data-widget_type=\"text-editor.default\">\n\t\t\t\t<div class=\"elementor-widget-container\">\n\t\t\t\t\t\t\t\t\t<p>AERA ist ein wichtiger Akteur in der Vermarktung von Polyolefin-Schrumpffolien. Wir bieten ein komplettes Sortiment an Halbschlauch- oder Flachfolien an, je nach Ihrem Maschinenpark.<\/p>\n<p>Wir verf\u00fcgen \u00fcber Folien mit sanften Schrumpfungsf\u00e4higkeiten, verbesserter Gleitf\u00e4higkeit und Glanz oder auch erh\u00f6hter mechanischer Festigkeit.<\/p>\n<p><strong>NEU: Ein komplettes Sortiment an biobasierten POF-Folien, die recyceltes Material enthalten, ist jetzt erh\u00e4ltlich!<\/strong><\/p>\n<p>Diese Schrumpffolien k\u00f6nnen auf allen Arten von Maschinen verwendet werden, wie z. B.: <\/p>\n<p>&#8211; Eine Kammermaschine<\/p>\n<p>&#8211; Eine manuelle oder automatische L-Schwei\u00dfmaschine<\/p>\n<p>&#8211; Kontinuierliche Schwei\u00dfmaschine<\/p>\n<p>&#8211; kontinuierliche Seitenschwei\u00dfmaschine<\/p>\n<p>&#8211; Schrumpfbare Flowpacks<\/p>\n\t\t\t\t\t\t\t\t<\/div>\n\t\t\t\t<\/div>\n\t\t\t\t\t<\/div>\n\t\t<\/div>\n\t\t\t\t\t<\/div>\n\t\t<\/section>\n\t\t\t\t\t<\/div>\n\t\t<\/div>\n\t\t\t\t\t<\/div>\n\t\t<\/section>\n\t\t\t\t<section class=\"elementor-section elementor-top-section elementor-element elementor-element-a3880d6 elementor-section-boxed elementor-section-height-default elementor-section-height-default\" data-id=\"a3880d6\" data-element_type=\"section\" data-settings=\"{&quot;background_background&quot;:&quot;classic&quot;}\">\n\t\t\t\t\t\t<div class=\"elementor-container elementor-column-gap-default\">\n\t\t\t\t\t<div class=\"elementor-column elementor-col-100 elementor-top-column elementor-element elementor-element-503edbf\" data-id=\"503edbf\" data-element_type=\"column\">\n\t\t\t<div class=\"elementor-widget-wrap elementor-element-populated\">\n\t\t\t\t\t\t<section class=\"elementor-section elementor-inner-section elementor-element elementor-element-c21e606 elementor-section-full_width elementor-section-height-default elementor-section-height-default\" data-id=\"c21e606\" data-element_type=\"section\">\n\t\t\t\t\t\t<div class=\"elementor-container elementor-column-gap-default\">\n\t\t\t\t\t<div class=\"elementor-column elementor-col-66 elementor-inner-column elementor-element elementor-element-5c3cb79\" data-id=\"5c3cb79\" data-element_type=\"column\">\n\t\t\t<div class=\"elementor-widget-wrap elementor-element-populated\">\n\t\t\t\t\t\t<div class=\"elementor-element elementor-element-b3097a5 elementor-widget elementor-widget-heading\" data-id=\"b3097a5\" data-element_type=\"widget\" data-widget_type=\"heading.default\">\n\t\t\t\t<div class=\"elementor-widget-container\">\n\t\t\t\t\t<h2 class=\"elementor-heading-title elementor-size-default\">AUSF\u00dcHRUNGEN<\/h2>\t\t\t\t<\/div>\n\t\t\t\t<\/div>\n\t\t\t\t<div class=\"elementor-element elementor-element-bf592ea elementor-widget elementor-widget-text-editor\" data-id=\"bf592ea\" data-element_type=\"widget\" data-widget_type=\"text-editor.default\">\n\t\t\t\t<div class=\"elementor-widget-container\">\n\t\t\t\t\t\t\t\t\t<\/p>\n<p>Foliendicken: 9 bis 25 \u00b5 je nach Referenz<br \/>Rollenbreite: 150mm bis 700mm im Halbschlauch oder 1400mm flach<br \/>Rollenl\u00e4nge: Von 800 mm bis 2300 mm im Halbschlauch oder 1600 bis 4600 mm flach<br \/>Rollenkerndurchmesser: 76 mm standardm\u00e4\u00dfig (152 mm auf besondere Anfrage)<br \/>Verpackung: Rolle in Einzelkarton verpackt und dann palettiert zu 12 oder 24 St\u00fcck<\/p>\n<\/p>\n<p>Gerne pr\u00fcfen wir Ihre Anfragen, falls sie davon abweichen.<\/p>\n\t\t\t\t\t\t\t\t<\/div>\n\t\t\t\t<\/div>\n\t\t\t\t\t<\/div>\n\t\t<\/div>\n\t\t\t\t<div class=\"elementor-column elementor-col-33 elementor-inner-column elementor-element elementor-element-67211ba\" data-id=\"67211ba\" data-element_type=\"column\">\n\t\t\t<div class=\"elementor-widget-wrap elementor-element-populated\">\n\t\t\t\t\t\t<div class=\"elementor-element elementor-element-8a44e3c elementor-widget elementor-widget-image\" data-id=\"8a44e3c\" data-element_type=\"widget\" data-widget_type=\"image.default\">\n\t\t\t\t<div class=\"elementor-widget-container\">\n\t\t\t\t\t\t\t\t\t\t\t\t\t\t\t<img decoding=\"async\" src=\"https:\/\/www.aera-sa.fr\/wp-content\/uploads\/elementor\/thumbs\/machine-8509-retoucheI\u0081e-q02bjrvloj1vcwwl2ai6qns67anp8rjkpyf5x9na9k.jpg\" title=\"machine-8509-retouche\u00cc\u0081e\" alt=\"machine-8509-retouche\u00cc\u0081e\" loading=\"lazy\" \/>\t\t\t\t\t\t\t\t\t\t\t\t\t\t\t<\/div>\n\t\t\t\t<\/div>\n\t\t\t\t\t<\/div>\n\t\t<\/div>\n\t\t\t\t\t<\/div>\n\t\t<\/section>\n\t\t\t\t\t<\/div>\n\t\t<\/div>\n\t\t\t\t\t<\/div>\n\t\t<\/section>\n\t\t\t\t<section class=\"elementor-section elementor-top-section elementor-element elementor-element-912bbca elementor-section-boxed elementor-section-height-default elementor-section-height-default\" data-id=\"912bbca\" data-element_type=\"section\" data-settings=\"{&quot;background_background&quot;:&quot;classic&quot;}\">\n\t\t\t\t\t\t<div class=\"elementor-container elementor-column-gap-default\">\n\t\t\t\t\t<div class=\"elementor-column elementor-col-100 elementor-top-column elementor-element elementor-element-4ad5427\" data-id=\"4ad5427\" data-element_type=\"column\">\n\t\t\t<div class=\"elementor-widget-wrap elementor-element-populated\">\n\t\t\t\t\t\t<section class=\"elementor-section elementor-inner-section elementor-element elementor-element-e08e4e7 elementor-section-full_width elementor-section-height-default elementor-section-height-default\" data-id=\"e08e4e7\" data-element_type=\"section\">\n\t\t\t\t\t\t<div class=\"elementor-container elementor-column-gap-default\">\n\t\t\t\t\t<div class=\"elementor-column elementor-col-100 elementor-inner-column elementor-element elementor-element-0251835\" data-id=\"0251835\" data-element_type=\"column\">\n\t\t\t<div class=\"elementor-widget-wrap elementor-element-populated\">\n\t\t\t\t\t\t<div class=\"elementor-element elementor-element-41aa194 elementor-widget elementor-widget-heading\" data-id=\"41aa194\" data-element_type=\"widget\" data-widget_type=\"heading.default\">\n\t\t\t\t<div class=\"elementor-widget-container\">\n\t\t\t\t\t<h2 class=\"elementor-heading-title elementor-size-default\">SIE W\u00dcNSCHEN WEITERE INFORMATIONEN?<\/h2>\t\t\t\t<\/div>\n\t\t\t\t<\/div>\n\t\t\t\t<div class=\"elementor-element elementor-element-e331394 elementor-widget elementor-widget-heading\" data-id=\"e331394\" data-element_type=\"widget\" data-widget_type=\"heading.default\">\n\t\t\t\t<div class=\"elementor-widget-container\">\n\t\t\t\t\t<h2 class=\"elementor-heading-title elementor-size-default\">Kontaktieren Sie uns, gemeinsam werden wir die ideale Verpackungsl\u00f6sung f\u00fcr Ihre Produkte finden.<\/h2>\t\t\t\t<\/div>\n\t\t\t\t<\/div>\n\t\t\t\t<div class=\"elementor-element elementor-element-1414ad6 elementor-align-right elementor-widget elementor-widget-button\" data-id=\"1414ad6\" data-element_type=\"widget\" data-widget_type=\"button.default\">\n\t\t\t\t<div class=\"elementor-widget-container\">\n\t\t\t\t\t\t\t\t\t<div class=\"elementor-button-wrapper\">\n\t\t\t\t\t<a class=\"elementor-button elementor-button-link elementor-size-sm\" href=\"https:\/\/www.aera-sa.fr\/contact\/\">\n\t\t\t\t\t\t<span class=\"elementor-button-content-wrapper\">\n\t\t\t\t\t\t\t\t\t<span class=\"elementor-button-text\">Kontaktieren Sie uns<\/span>\n\t\t\t\t\t<\/span>\n\t\t\t\t\t<\/a>\n\t\t\t\t<\/div>\n\t\t\t\t\t\t\t\t<\/div>\n\t\t\t\t<\/div>\n\t\t\t\t\t<\/div>\n\t\t<\/div>\n\t\t\t\t\t<\/div>\n\t\t<\/section>\n\t\t\t\t\t<\/div>\n\t\t<\/div>\n\t\t\t\t\t<\/div>\n\t\t<\/section>\n\t\t\t\t<section class=\"elementor-section elementor-top-section elementor-element elementor-element-2fe5e2d elementor-section-boxed elementor-section-height-default elementor-section-height-default\" data-id=\"2fe5e2d\" data-element_type=\"section\">\n\t\t\t\t\t\t<div class=\"elementor-container elementor-column-gap-default\">\n\t\t\t\t\t<div class=\"elementor-column elementor-col-100 elementor-top-column elementor-element elementor-element-b445b25\" data-id=\"b445b25\" data-element_type=\"column\">\n\t\t\t<div class=\"elementor-widget-wrap elementor-element-populated\">\n\t\t\t\t\t\t<div class=\"elementor-element elementor-element-ec40dab elementor-widget elementor-widget-heading\" data-id=\"ec40dab\" data-element_type=\"widget\" data-widget_type=\"heading.default\">\n\t\t\t\t<div class=\"elementor-widget-container\">\n\t\t\t\t\t<h2 class=\"elementor-heading-title elementor-size-default\">BEISPIELE F\u00dcR PRODUKTE, DIE MIT SCHRUMPFFOLIEN VERPACKT SIND<\/h2>\t\t\t\t<\/div>\n\t\t\t\t<\/div>\n\t\t\t\t<section class=\"elementor-section elementor-inner-section elementor-element elementor-element-6d4174f elementor-section-full_width elementor-section-height-default elementor-section-height-default\" data-id=\"6d4174f\" data-element_type=\"section\">\n\t\t\t\t\t\t<div class=\"elementor-container elementor-column-gap-extended\">\n\t\t\t\t\t<div class=\"elementor-column elementor-col-25 elementor-inner-column elementor-element elementor-element-dc09623\" data-id=\"dc09623\" data-element_type=\"column\">\n\t\t\t<div class=\"elementor-widget-wrap elementor-element-populated\">\n\t\t\t\t\t\t<div class=\"elementor-element elementor-element-e082a6a elementor-position-top elementor-widget elementor-widget-image-box\" data-id=\"e082a6a\" data-element_type=\"widget\" data-widget_type=\"image-box.default\">\n\t\t\t\t<div class=\"elementor-widget-container\">\n\t\t\t\t\t<div class=\"elementor-image-box-wrapper\"><figure class=\"elementor-image-box-img\"><img fetchpriority=\"high\" decoding=\"async\" width=\"1000\" height=\"750\" src=\"https:\/\/www.aera-sa.fr\/wp-content\/uploads\/2021\/11\/Film-retractable.jpg\" class=\"attachment-full size-full wp-image-9481\" alt=\"Film r\u00e9tractable POFF \nFruits\/l\u00e9gumes\" srcset=\"https:\/\/www.aera-sa.fr\/wp-content\/uploads\/2021\/11\/Film-retractable.jpg 1000w, https:\/\/www.aera-sa.fr\/wp-content\/uploads\/2021\/11\/Film-retractable-300x225.jpg 300w, https:\/\/www.aera-sa.fr\/wp-content\/uploads\/2021\/11\/Film-retractable-768x576.jpg 768w\" sizes=\"(max-width: 1000px) 100vw, 1000px\" \/><\/figure><div class=\"elementor-image-box-content\"><h3 class=\"elementor-image-box-title\">Fr\u00fcchte<\/h3><p class=\"elementor-image-box-description\"><br><\/p><\/div><\/div>\t\t\t\t<\/div>\n\t\t\t\t<\/div>\n\t\t\t\t\t<\/div>\n\t\t<\/div>\n\t\t\t\t<div class=\"elementor-column elementor-col-25 elementor-inner-column elementor-element elementor-element-75f94a9\" data-id=\"75f94a9\" data-element_type=\"column\">\n\t\t\t<div class=\"elementor-widget-wrap elementor-element-populated\">\n\t\t\t\t\t\t<div class=\"elementor-element elementor-element-0a51533 elementor-position-top elementor-widget elementor-widget-image-box\" data-id=\"0a51533\" data-element_type=\"widget\" data-widget_type=\"image-box.default\">\n\t\t\t\t<div class=\"elementor-widget-container\">\n\t\t\t\t\t<div class=\"elementor-image-box-wrapper\"><figure class=\"elementor-image-box-img\"><img decoding=\"async\" width=\"642\" height=\"481\" src=\"https:\/\/www.aera-sa.fr\/wp-content\/uploads\/2022\/06\/Kekse_1.jpg\" class=\"attachment-full size-full wp-image-9801\" alt=\"\" srcset=\"https:\/\/www.aera-sa.fr\/wp-content\/uploads\/2022\/06\/Kekse_1.jpg 642w, https:\/\/www.aera-sa.fr\/wp-content\/uploads\/2022\/06\/Kekse_1-300x225.jpg 300w\" sizes=\"(max-width: 642px) 100vw, 642px\" \/><\/figure><div class=\"elementor-image-box-content\"><h3 class=\"elementor-image-box-title\">Co-packing<\/h3><p class=\"elementor-image-box-description\"><br><\/p><\/div><\/div>\t\t\t\t<\/div>\n\t\t\t\t<\/div>\n\t\t\t\t\t<\/div>\n\t\t<\/div>\n\t\t\t\t<div class=\"elementor-column elementor-col-25 elementor-inner-column elementor-element elementor-element-dde8774\" data-id=\"dde8774\" data-element_type=\"column\">\n\t\t\t<div class=\"elementor-widget-wrap elementor-element-populated\">\n\t\t\t\t\t\t<div class=\"elementor-element elementor-element-02f901a elementor-position-top elementor-widget elementor-widget-image-box\" data-id=\"02f901a\" data-element_type=\"widget\" data-widget_type=\"image-box.default\">\n\t\t\t\t<div class=\"elementor-widget-container\">\n\t\t\t\t\t<div class=\"elementor-image-box-wrapper\"><figure class=\"elementor-image-box-img\"><img decoding=\"async\" width=\"642\" height=\"481\" src=\"https:\/\/www.aera-sa.fr\/wp-content\/uploads\/2022\/06\/Spiele_1.jpg\" class=\"attachment-full size-full wp-image-9781\" alt=\"\" srcset=\"https:\/\/www.aera-sa.fr\/wp-content\/uploads\/2022\/06\/Spiele_1.jpg 642w, https:\/\/www.aera-sa.fr\/wp-content\/uploads\/2022\/06\/Spiele_1-300x225.jpg 300w\" sizes=\"(max-width: 642px) 100vw, 642px\" \/><\/figure><div class=\"elementor-image-box-content\"><h3 class=\"elementor-image-box-title\">\u2022 Spiele<\/h3><p class=\"elementor-image-box-description\"><br><\/p><\/div><\/div>\t\t\t\t<\/div>\n\t\t\t\t<\/div>\n\t\t\t\t\t<\/div>\n\t\t<\/div>\n\t\t\t\t<div class=\"elementor-column elementor-col-25 elementor-inner-column elementor-element elementor-element-32667fd\" data-id=\"32667fd\" data-element_type=\"column\">\n\t\t\t<div class=\"elementor-widget-wrap elementor-element-populated\">\n\t\t\t\t\t\t<div class=\"elementor-element elementor-element-ffa30d9 elementor-position-top elementor-widget elementor-widget-image-box\" data-id=\"ffa30d9\" data-element_type=\"widget\" data-widget_type=\"image-box.default\">\n\t\t\t\t<div class=\"elementor-widget-container\">\n\t\t\t\t\t<div class=\"elementor-image-box-wrapper\"><figure class=\"elementor-image-box-img\"><img loading=\"lazy\" decoding=\"async\" width=\"642\" height=\"481\" src=\"https:\/\/www.aera-sa.fr\/wp-content\/uploads\/2022\/05\/Cosmetic_1.jpg\" class=\"attachment-full size-full wp-image-9651\" alt=\"\" srcset=\"https:\/\/www.aera-sa.fr\/wp-content\/uploads\/2022\/05\/Cosmetic_1.jpg 642w, https:\/\/www.aera-sa.fr\/wp-content\/uploads\/2022\/05\/Cosmetic_1-300x225.jpg 300w\" sizes=\"(max-width: 642px) 100vw, 642px\" \/><\/figure><div class=\"elementor-image-box-content\"><h3 class=\"elementor-image-box-title\">Hygiene<\/h3><p class=\"elementor-image-box-description\"><br><\/p><\/div><\/div>\t\t\t\t<\/div>\n\t\t\t\t<\/div>\n\t\t\t\t\t<\/div>\n\t\t<\/div>\n\t\t\t\t\t<\/div>\n\t\t<\/section>\n\t\t\t\t\t<\/div>\n\t\t<\/div>\n\t\t\t\t\t<\/div>\n\t\t<\/section>\n\t\t\t\t<\/div>\n\t\t","protected":false},"excerpt":{"rendered":"<p>Schrumpf POF folien AERA ist ein wichtiger Akteur in der Vermarktung von Polyolefin-Schrumpffolien. Wir bieten ein komplettes Sortiment an Halbschlauch- oder Flachfolien an, je nach Ihrem Maschinenpark. Wir verf\u00fcgen \u00fcber Folien mit sanften Schrumpfungsf\u00e4higkeiten, verbesserter Gleitf\u00e4higkeit und Glanz oder auch erh\u00f6hter mechanischer Festigkeit. NEU: Ein komplettes Sortiment an biobasierten POF-Folien, die recyceltes Material enthalten, ist [&hellip;]<\/p>\n","protected":false},"author":1,"featured_media":0,"parent":0,"menu_order":0,"comment_status":"closed","ping_status":"closed","template":"","meta":{"inline_featured_image":false,"footnotes":""},"class_list":["post-10411","page","type-page","status-publish","hentry"],"yoast_head":"<!-- This site is optimized with the Yoast SEO plugin v25.6 - https:\/\/yoast.com\/wordpress\/plugins\/seo\/ -->\n<title>Schrumpffolien - AERA<\/title>\n<meta name=\"robots\" content=\"index, follow, max-snippet:-1, max-image-preview:large, max-video-preview:-1\" \/>\n<link rel=\"canonical\" href=\"https:\/\/www.aera-sa.fr\/de\/schrumpffolien\/\" \/>\n<meta property=\"og:locale\" content=\"de_DE\" \/>\n<meta property=\"og:type\" content=\"article\" \/>\n<meta property=\"og:title\" content=\"Schrumpffolien - AERA\" \/>\n<meta property=\"og:description\" content=\"Schrumpf POF folien AERA ist ein wichtiger Akteur in der Vermarktung von Polyolefin-Schrumpffolien. Wir bieten ein komplettes Sortiment an Halbschlauch- oder Flachfolien an, je nach Ihrem Maschinenpark. Wir verf\u00fcgen \u00fcber Folien mit sanften Schrumpfungsf\u00e4higkeiten, verbesserter Gleitf\u00e4higkeit und Glanz oder auch erh\u00f6hter mechanischer Festigkeit. NEU: Ein komplettes Sortiment an biobasierten POF-Folien, die recyceltes Material enthalten, ist [&hellip;]\" \/>\n<meta property=\"og:url\" content=\"https:\/\/www.aera-sa.fr\/de\/schrumpffolien\/\" \/>\n<meta property=\"og:site_name\" content=\"AERA\" \/>\n<meta property=\"article:modified_time\" content=\"2023-02-09T10:09:06+00:00\" \/>\n<meta property=\"og:image\" content=\"https:\/\/www.aera-sa.fr\/wp-content\/uploads\/2021\/11\/Film-retractable.jpg\" \/>\n<meta name=\"twitter:card\" content=\"summary_large_image\" \/>\n<meta name=\"twitter:label1\" content=\"Gesch\u00e4tzte Lesezeit\" \/>\n\t<meta name=\"twitter:data1\" content=\"1\u00a0Minute\" \/>\n<script type=\"application\/ld+json\" class=\"yoast-schema-graph\">{\"@context\":\"https:\/\/schema.org\",\"@graph\":[{\"@type\":\"WebPage\",\"@id\":\"https:\/\/www.aera-sa.fr\/de\/schrumpffolien\/\",\"url\":\"https:\/\/www.aera-sa.fr\/de\/schrumpffolien\/\",\"name\":\"Schrumpffolien - AERA\",\"isPartOf\":{\"@id\":\"https:\/\/www.aera-sa.fr\/de\/#website\"},\"primaryImageOfPage\":{\"@id\":\"https:\/\/www.aera-sa.fr\/de\/schrumpffolien\/#primaryimage\"},\"image\":{\"@id\":\"https:\/\/www.aera-sa.fr\/de\/schrumpffolien\/#primaryimage\"},\"thumbnailUrl\":\"https:\/\/www.aera-sa.fr\/wp-content\/uploads\/2021\/11\/Film-retractable.jpg\",\"datePublished\":\"2022-06-30T13:21:51+00:00\",\"dateModified\":\"2023-02-09T10:09:06+00:00\",\"breadcrumb\":{\"@id\":\"https:\/\/www.aera-sa.fr\/de\/schrumpffolien\/#breadcrumb\"},\"inLanguage\":\"de\",\"potentialAction\":[{\"@type\":\"ReadAction\",\"target\":[\"https:\/\/www.aera-sa.fr\/de\/schrumpffolien\/\"]}]},{\"@type\":\"ImageObject\",\"inLanguage\":\"de\",\"@id\":\"https:\/\/www.aera-sa.fr\/de\/schrumpffolien\/#primaryimage\",\"url\":\"https:\/\/www.aera-sa.fr\/wp-content\/uploads\/2021\/11\/Film-retractable.jpg\",\"contentUrl\":\"https:\/\/www.aera-sa.fr\/wp-content\/uploads\/2021\/11\/Film-retractable.jpg\"},{\"@type\":\"BreadcrumbList\",\"@id\":\"https:\/\/www.aera-sa.fr\/de\/schrumpffolien\/#breadcrumb\",\"itemListElement\":[{\"@type\":\"ListItem\",\"position\":1,\"name\":\"Accueil\",\"item\":\"https:\/\/www.aera-sa.fr\/de\/home\/\"},{\"@type\":\"ListItem\",\"position\":2,\"name\":\"Schrumpffolien\"}]},{\"@type\":\"WebSite\",\"@id\":\"https:\/\/www.aera-sa.fr\/de\/#website\",\"url\":\"https:\/\/www.aera-sa.fr\/de\/\",\"name\":\"AERA\",\"description\":\"Solutions de mise sous film et papier\",\"publisher\":{\"@id\":\"https:\/\/www.aera-sa.fr\/de\/#organization\"},\"potentialAction\":[{\"@type\":\"SearchAction\",\"target\":{\"@type\":\"EntryPoint\",\"urlTemplate\":\"https:\/\/www.aera-sa.fr\/de\/?s={search_term_string}\"},\"query-input\":{\"@type\":\"PropertyValueSpecification\",\"valueRequired\":true,\"valueName\":\"search_term_string\"}}],\"inLanguage\":\"de\"},{\"@type\":\"Organization\",\"@id\":\"https:\/\/www.aera-sa.fr\/de\/#organization\",\"name\":\"AERA\",\"url\":\"https:\/\/www.aera-sa.fr\/de\/\",\"logo\":{\"@type\":\"ImageObject\",\"inLanguage\":\"de\",\"@id\":\"https:\/\/www.aera-sa.fr\/de\/#\/schema\/logo\/image\/\",\"url\":\"https:\/\/www.aera-sa.fr\/wp-content\/uploads\/2021\/09\/logo-aera-miroir.png\",\"contentUrl\":\"https:\/\/www.aera-sa.fr\/wp-content\/uploads\/2021\/09\/logo-aera-miroir.png\",\"width\":177,\"height\":264,\"caption\":\"AERA\"},\"image\":{\"@id\":\"https:\/\/www.aera-sa.fr\/de\/#\/schema\/logo\/image\/\"}}]}<\/script>\n<!-- \/ Yoast SEO plugin. -->","yoast_head_json":{"title":"Schrumpffolien - AERA","robots":{"index":"index","follow":"follow","max-snippet":"max-snippet:-1","max-image-preview":"max-image-preview:large","max-video-preview":"max-video-preview:-1"},"canonical":"https:\/\/www.aera-sa.fr\/de\/schrumpffolien\/","og_locale":"de_DE","og_type":"article","og_title":"Schrumpffolien - AERA","og_description":"Schrumpf POF folien AERA ist ein wichtiger Akteur in der Vermarktung von Polyolefin-Schrumpffolien. Wir bieten ein komplettes Sortiment an Halbschlauch- oder Flachfolien an, je nach Ihrem Maschinenpark. Wir verf\u00fcgen \u00fcber Folien mit sanften Schrumpfungsf\u00e4higkeiten, verbesserter Gleitf\u00e4higkeit und Glanz oder auch erh\u00f6hter mechanischer Festigkeit. NEU: Ein komplettes Sortiment an biobasierten POF-Folien, die recyceltes Material enthalten, ist [&hellip;]","og_url":"https:\/\/www.aera-sa.fr\/de\/schrumpffolien\/","og_site_name":"AERA","article_modified_time":"2023-02-09T10:09:06+00:00","og_image":[{"url":"https:\/\/www.aera-sa.fr\/wp-content\/uploads\/2021\/11\/Film-retractable.jpg","type":"","width":"","height":""}],"twitter_card":"summary_large_image","twitter_misc":{"Gesch\u00e4tzte Lesezeit":"1\u00a0Minute"},"schema":{"@context":"https:\/\/schema.org","@graph":[{"@type":"WebPage","@id":"https:\/\/www.aera-sa.fr\/de\/schrumpffolien\/","url":"https:\/\/www.aera-sa.fr\/de\/schrumpffolien\/","name":"Schrumpffolien - AERA","isPartOf":{"@id":"https:\/\/www.aera-sa.fr\/de\/#website"},"primaryImageOfPage":{"@id":"https:\/\/www.aera-sa.fr\/de\/schrumpffolien\/#primaryimage"},"image":{"@id":"https:\/\/www.aera-sa.fr\/de\/schrumpffolien\/#primaryimage"},"thumbnailUrl":"https:\/\/www.aera-sa.fr\/wp-content\/uploads\/2021\/11\/Film-retractable.jpg","datePublished":"2022-06-30T13:21:51+00:00","dateModified":"2023-02-09T10:09:06+00:00","breadcrumb":{"@id":"https:\/\/www.aera-sa.fr\/de\/schrumpffolien\/#breadcrumb"},"inLanguage":"de","potentialAction":[{"@type":"ReadAction","target":["https:\/\/www.aera-sa.fr\/de\/schrumpffolien\/"]}]},{"@type":"ImageObject","inLanguage":"de","@id":"https:\/\/www.aera-sa.fr\/de\/schrumpffolien\/#primaryimage","url":"https:\/\/www.aera-sa.fr\/wp-content\/uploads\/2021\/11\/Film-retractable.jpg","contentUrl":"https:\/\/www.aera-sa.fr\/wp-content\/uploads\/2021\/11\/Film-retractable.jpg"},{"@type":"BreadcrumbList","@id":"https:\/\/www.aera-sa.fr\/de\/schrumpffolien\/#breadcrumb","itemListElement":[{"@type":"ListItem","position":1,"name":"Accueil","item":"https:\/\/www.aera-sa.fr\/de\/home\/"},{"@type":"ListItem","position":2,"name":"Schrumpffolien"}]},{"@type":"WebSite","@id":"https:\/\/www.aera-sa.fr\/de\/#website","url":"https:\/\/www.aera-sa.fr\/de\/","name":"AERA","description":"Solutions de mise sous film et papier","publisher":{"@id":"https:\/\/www.aera-sa.fr\/de\/#organization"},"potentialAction":[{"@type":"SearchAction","target":{"@type":"EntryPoint","urlTemplate":"https:\/\/www.aera-sa.fr\/de\/?s={search_term_string}"},"query-input":{"@type":"PropertyValueSpecification","valueRequired":true,"valueName":"search_term_string"}}],"inLanguage":"de"},{"@type":"Organization","@id":"https:\/\/www.aera-sa.fr\/de\/#organization","name":"AERA","url":"https:\/\/www.aera-sa.fr\/de\/","logo":{"@type":"ImageObject","inLanguage":"de","@id":"https:\/\/www.aera-sa.fr\/de\/#\/schema\/logo\/image\/","url":"https:\/\/www.aera-sa.fr\/wp-content\/uploads\/2021\/09\/logo-aera-miroir.png","contentUrl":"https:\/\/www.aera-sa.fr\/wp-content\/uploads\/2021\/09\/logo-aera-miroir.png","width":177,"height":264,"caption":"AERA"},"image":{"@id":"https:\/\/www.aera-sa.fr\/de\/#\/schema\/logo\/image\/"}}]}},"_links":{"self":[{"href":"https:\/\/www.aera-sa.fr\/de\/wp-json\/wp\/v2\/pages\/10411","targetHints":{"allow":["GET"]}}],"collection":[{"href":"https:\/\/www.aera-sa.fr\/de\/wp-json\/wp\/v2\/pages"}],"about":[{"href":"https:\/\/www.aera-sa.fr\/de\/wp-json\/wp\/v2\/types\/page"}],"author":[{"embeddable":true,"href":"https:\/\/www.aera-sa.fr\/de\/wp-json\/wp\/v2\/users\/1"}],"replies":[{"embeddable":true,"href":"https:\/\/www.aera-sa.fr\/de\/wp-json\/wp\/v2\/comments?post=10411"}],"version-history":[{"count":1,"href":"https:\/\/www.aera-sa.fr\/de\/wp-json\/wp\/v2\/pages\/10411\/revisions"}],"predecessor-version":[{"id":10412,"href":"https:\/\/www.aera-sa.fr\/de\/wp-json\/wp\/v2\/pages\/10411\/revisions\/10412"}],"wp:attachment":[{"href":"https:\/\/www.aera-sa.fr\/de\/wp-json\/wp\/v2\/media?parent=10411"}],"curies":[{"name":"wp","href":"https:\/\/api.w.org\/{rel}","templated":true}]}}