{"id":10417,"date":"2022-06-30T15:41:45","date_gmt":"2022-06-30T13:41:45","guid":{"rendered":"https:\/\/www.aera-sa.fr\/biobasierte-folien\/"},"modified":"2023-02-09T13:31:21","modified_gmt":"2023-02-09T12:31:21","slug":"biobasierte-folien","status":"publish","type":"page","link":"https:\/\/www.aera-sa.fr\/de\/biobasierte-folien\/","title":{"rendered":"BIOBASIERTE FOLIEN"},"content":{"rendered":"\t\t<div data-elementor-type=\"wp-page\" data-elementor-id=\"10417\" class=\"elementor elementor-10417 elementor-4124\" data-elementor-post-type=\"page\">\n\t\t\t\t\t\t<section class=\"elementor-section elementor-top-section elementor-element elementor-element-7ffdfcc elementor-section-boxed elementor-section-height-default elementor-section-height-default\" data-id=\"7ffdfcc\" data-element_type=\"section\" data-settings=\"{&quot;background_background&quot;:&quot;classic&quot;}\">\n\t\t\t\t\t\t<div class=\"elementor-container elementor-column-gap-default\">\n\t\t\t\t\t<div class=\"elementor-column elementor-col-100 elementor-top-column elementor-element elementor-element-094bb29\" data-id=\"094bb29\" data-element_type=\"column\">\n\t\t\t<div class=\"elementor-widget-wrap elementor-element-populated\">\n\t\t\t\t\t\t<section class=\"elementor-section elementor-inner-section elementor-element elementor-element-5c3ef60 elementor-section-full_width elementor-section-height-default elementor-section-height-default\" data-id=\"5c3ef60\" data-element_type=\"section\">\n\t\t\t\t\t\t<div class=\"elementor-container elementor-column-gap-default\">\n\t\t\t\t\t<div class=\"elementor-column elementor-col-33 elementor-inner-column elementor-element elementor-element-3dda5ba\" data-id=\"3dda5ba\" data-element_type=\"column\">\n\t\t\t<div class=\"elementor-widget-wrap elementor-element-populated\">\n\t\t\t\t\t\t<div class=\"elementor-element elementor-element-06772fc elementor-widget elementor-widget-image\" data-id=\"06772fc\" data-element_type=\"widget\" data-widget_type=\"image.default\">\n\t\t\t\t<div class=\"elementor-widget-container\">\n\t\t\t\t\t\t\t\t\t\t\t\t\t\t\t<img decoding=\"async\" src=\"https:\/\/www.aera-sa.fr\/wp-content\/uploads\/elementor\/thumbs\/AdobeStock_15340199-scaled-q02bjrvloj1vcwwl2ai6qns67anp8rjkpyf5x9na9k.jpeg\" title=\"Jeune pousse\" alt=\"Jeune pousse\" loading=\"lazy\" \/>\t\t\t\t\t\t\t\t\t\t\t\t\t\t\t<\/div>\n\t\t\t\t<\/div>\n\t\t\t\t\t<\/div>\n\t\t<\/div>\n\t\t\t\t<div class=\"elementor-column elementor-col-66 elementor-inner-column elementor-element elementor-element-698088e\" data-id=\"698088e\" data-element_type=\"column\">\n\t\t\t<div class=\"elementor-widget-wrap elementor-element-populated\">\n\t\t\t\t\t\t<div class=\"elementor-element elementor-element-336ed46 elementor-widget elementor-widget-heading\" data-id=\"336ed46\" data-element_type=\"widget\" data-widget_type=\"heading.default\">\n\t\t\t\t<div class=\"elementor-widget-container\">\n\t\t\t\t\t<h2 class=\"elementor-heading-title elementor-size-default\">BIOBASIERTE FOLIEN PLA &amp; CELLO<\/h2>\t\t\t\t<\/div>\n\t\t\t\t<\/div>\n\t\t\t\t<div class=\"elementor-element elementor-element-a41fa2f elementor-widget elementor-widget-text-editor\" data-id=\"a41fa2f\" data-element_type=\"widget\" data-widget_type=\"text-editor.default\">\n\t\t\t\t<div class=\"elementor-widget-container\">\n\t\t\t\t\t\t\t\t\t<p>In dem Bestreben, Treibhausgasemissionen und Post-Konsum-Abf\u00e4lle zu reduzieren, bietet AERA verschiedene biobasierte Folien wie PLA (NATIVIA(<strong>\u00ae<\/strong>) oder Cellophan an.<\/p>\n<p>Diese Folien, die auf Mais- oder Holzst\u00e4rke basieren, k\u00f6nnen in vielen Bereichen mit dem Ziel eingesetzt werden, erd\u00f6lbasierte Materialien zu ersetzen.<\/p>\n<p>Diese beiden Materialien sind gem\u00e4\u00df der Norm EN 13432 als kompostierbar zertifiziert.<\/p><\/p>\n\t\t\t\t\t\t\t\t<\/div>\n\t\t\t\t<\/div>\n\t\t\t\t\t<\/div>\n\t\t<\/div>\n\t\t\t\t\t<\/div>\n\t\t<\/section>\n\t\t\t\t\t<\/div>\n\t\t<\/div>\n\t\t\t\t\t<\/div>\n\t\t<\/section>\n\t\t\t\t<section class=\"elementor-section elementor-top-section elementor-element elementor-element-e744423 elementor-section-boxed elementor-section-height-default elementor-section-height-default\" data-id=\"e744423\" data-element_type=\"section\" data-settings=\"{&quot;background_background&quot;:&quot;classic&quot;}\">\n\t\t\t\t\t\t<div class=\"elementor-container elementor-column-gap-default\">\n\t\t\t\t\t<div class=\"elementor-column elementor-col-100 elementor-top-column elementor-element elementor-element-b1bfebf\" data-id=\"b1bfebf\" data-element_type=\"column\">\n\t\t\t<div class=\"elementor-widget-wrap elementor-element-populated\">\n\t\t\t\t\t\t<section class=\"elementor-section elementor-inner-section elementor-element elementor-element-d382290 elementor-section-full_width elementor-section-height-default elementor-section-height-default\" data-id=\"d382290\" data-element_type=\"section\">\n\t\t\t\t\t\t<div class=\"elementor-container elementor-column-gap-default\">\n\t\t\t\t\t<div class=\"elementor-column elementor-col-66 elementor-inner-column elementor-element elementor-element-26e2268\" data-id=\"26e2268\" data-element_type=\"column\">\n\t\t\t<div class=\"elementor-widget-wrap elementor-element-populated\">\n\t\t\t\t\t\t<div class=\"elementor-element elementor-element-3bd1819 elementor-widget elementor-widget-heading\" data-id=\"3bd1819\" data-element_type=\"widget\" data-widget_type=\"heading.default\">\n\t\t\t\t<div class=\"elementor-widget-container\">\n\t\t\t\t\t<h2 class=\"elementor-heading-title elementor-size-default\">AUSF\u00dcHRUNGEN<\/h2>\t\t\t\t<\/div>\n\t\t\t\t<\/div>\n\t\t\t\t<div class=\"elementor-element elementor-element-473fd8b elementor-widget elementor-widget-text-editor\" data-id=\"473fd8b\" data-element_type=\"widget\" data-widget_type=\"text-editor.default\">\n\t\t\t\t<div class=\"elementor-widget-container\">\n\t\t\t\t\t\t\t\t\t<p>Bitte kontaktieren Sie uns bei abweichenden Formaten<\/p>\n<p>Foliendicken: 15 bis 50 Mikron<br>Breiten: 25 bis 1500 mm<br>Rollenl\u00e4nge: Nach Ihrer Spezifikation und dem maximalen Rollengewicht<br>Durchmesser: Maximal 600 mm<br>Spindel: Durchmesser 70, 76 oder 152 mm<br>Verpackung: Gem\u00e4\u00df Ihrer Spezifikation<\/p>\n<p>Gerne pr\u00fcfen wir Ihre Anfragen, falls sie davon abweichen.<\/p>\t\t\t\t\t\t\t\t<\/div>\n\t\t\t\t<\/div>\n\t\t\t\t\t<\/div>\n\t\t<\/div>\n\t\t\t\t<div class=\"elementor-column elementor-col-33 elementor-inner-column elementor-element elementor-element-1002fa7\" data-id=\"1002fa7\" data-element_type=\"column\">\n\t\t\t<div class=\"elementor-widget-wrap elementor-element-populated\">\n\t\t\t\t\t\t<div class=\"elementor-element elementor-element-968581d elementor-widget elementor-widget-image\" data-id=\"968581d\" data-element_type=\"widget\" data-widget_type=\"image.default\">\n\t\t\t\t<div class=\"elementor-widget-container\">\n\t\t\t\t\t\t\t\t\t\t\t\t\t\t\t<img decoding=\"async\" src=\"https:\/\/www.aera-sa.fr\/wp-content\/uploads\/elementor\/thumbs\/AdobeStock_15340199-scaled-q02bjrvloj1vcwwl2ai6qns67anp8rjkpyf5x9na9k.jpeg\" title=\"Jeune pousse\" alt=\"Jeune pousse\" loading=\"lazy\" \/>\t\t\t\t\t\t\t\t\t\t\t\t\t\t\t<\/div>\n\t\t\t\t<\/div>\n\t\t\t\t\t<\/div>\n\t\t<\/div>\n\t\t\t\t\t<\/div>\n\t\t<\/section>\n\t\t\t\t\t<\/div>\n\t\t<\/div>\n\t\t\t\t\t<\/div>\n\t\t<\/section>\n\t\t\t\t<section class=\"elementor-section elementor-top-section elementor-element elementor-element-e80952e elementor-section-boxed elementor-section-height-default elementor-section-height-default\" data-id=\"e80952e\" data-element_type=\"section\" data-settings=\"{&quot;background_background&quot;:&quot;classic&quot;}\">\n\t\t\t\t\t\t<div class=\"elementor-container elementor-column-gap-default\">\n\t\t\t\t\t<div class=\"elementor-column elementor-col-100 elementor-top-column elementor-element elementor-element-5fcefc6\" data-id=\"5fcefc6\" data-element_type=\"column\">\n\t\t\t<div class=\"elementor-widget-wrap elementor-element-populated\">\n\t\t\t\t\t\t<section class=\"elementor-section elementor-inner-section elementor-element elementor-element-d314acc elementor-section-full_width elementor-section-height-default elementor-section-height-default\" data-id=\"d314acc\" data-element_type=\"section\">\n\t\t\t\t\t\t<div class=\"elementor-container elementor-column-gap-default\">\n\t\t\t\t\t<div class=\"elementor-column elementor-col-100 elementor-inner-column elementor-element elementor-element-1207313\" data-id=\"1207313\" data-element_type=\"column\">\n\t\t\t<div class=\"elementor-widget-wrap elementor-element-populated\">\n\t\t\t\t\t\t<div class=\"elementor-element elementor-element-7bd37b7 elementor-widget elementor-widget-heading\" data-id=\"7bd37b7\" data-element_type=\"widget\" data-widget_type=\"heading.default\">\n\t\t\t\t<div class=\"elementor-widget-container\">\n\t\t\t\t\t<h2 class=\"elementor-heading-title elementor-size-default\">SIE W\u00dcNSCHEN WEITERE INFORMATIONEN?<\/h2>\t\t\t\t<\/div>\n\t\t\t\t<\/div>\n\t\t\t\t<div class=\"elementor-element elementor-element-f96d9f2 elementor-widget elementor-widget-heading\" data-id=\"f96d9f2\" data-element_type=\"widget\" data-widget_type=\"heading.default\">\n\t\t\t\t<div class=\"elementor-widget-container\">\n\t\t\t\t\t<h2 class=\"elementor-heading-title elementor-size-default\">Kontaktieren Sie uns, gemeinsam werden wir die ideale Verpackungsl\u00f6sung f\u00fcr Ihre Produkte finden.<\/h2>\t\t\t\t<\/div>\n\t\t\t\t<\/div>\n\t\t\t\t<div class=\"elementor-element elementor-element-9d82bc3 elementor-align-right elementor-widget elementor-widget-button\" data-id=\"9d82bc3\" data-element_type=\"widget\" data-widget_type=\"button.default\">\n\t\t\t\t<div class=\"elementor-widget-container\">\n\t\t\t\t\t\t\t\t\t<div class=\"elementor-button-wrapper\">\n\t\t\t\t\t<a class=\"elementor-button elementor-button-link elementor-size-sm\" href=\"https:\/\/www.aera-sa.fr\/contact\/\">\n\t\t\t\t\t\t<span class=\"elementor-button-content-wrapper\">\n\t\t\t\t\t\t\t\t\t<span class=\"elementor-button-text\">Kontaktieren Sie uns<\/span>\n\t\t\t\t\t<\/span>\n\t\t\t\t\t<\/a>\n\t\t\t\t<\/div>\n\t\t\t\t\t\t\t\t<\/div>\n\t\t\t\t<\/div>\n\t\t\t\t\t<\/div>\n\t\t<\/div>\n\t\t\t\t\t<\/div>\n\t\t<\/section>\n\t\t\t\t\t<\/div>\n\t\t<\/div>\n\t\t\t\t\t<\/div>\n\t\t<\/section>\n\t\t\t\t<section class=\"elementor-section elementor-top-section elementor-element elementor-element-2fe5e2d elementor-section-boxed elementor-section-height-default elementor-section-height-default\" data-id=\"2fe5e2d\" data-element_type=\"section\">\n\t\t\t\t\t\t<div class=\"elementor-container elementor-column-gap-default\">\n\t\t\t\t\t<div class=\"elementor-column elementor-col-100 elementor-top-column elementor-element elementor-element-b445b25\" data-id=\"b445b25\" data-element_type=\"column\">\n\t\t\t<div class=\"elementor-widget-wrap elementor-element-populated\">\n\t\t\t\t\t\t<div class=\"elementor-element elementor-element-ec40dab elementor-widget elementor-widget-heading\" data-id=\"ec40dab\" data-element_type=\"widget\" data-widget_type=\"heading.default\">\n\t\t\t\t<div class=\"elementor-widget-container\">\n\t\t\t\t\t<h2 class=\"elementor-heading-title elementor-size-default\">BEISPIELE F\u00dcR PRODUKTE, DIE MIT BIOBASIERTE FOLIEN PLA &amp; CELLO VERPACKT SIND<\/h2>\t\t\t\t<\/div>\n\t\t\t\t<\/div>\n\t\t\t\t<section class=\"elementor-section elementor-inner-section elementor-element elementor-element-6d4174f elementor-section-full_width elementor-section-height-default elementor-section-height-default\" data-id=\"6d4174f\" data-element_type=\"section\">\n\t\t\t\t\t\t<div class=\"elementor-container elementor-column-gap-extended\">\n\t\t\t\t\t<div class=\"elementor-column elementor-col-25 elementor-inner-column elementor-element elementor-element-dc09623\" data-id=\"dc09623\" data-element_type=\"column\">\n\t\t\t<div class=\"elementor-widget-wrap elementor-element-populated\">\n\t\t\t\t\t\t<div class=\"elementor-element elementor-element-e082a6a elementor-position-top elementor-widget elementor-widget-image-box\" data-id=\"e082a6a\" data-element_type=\"widget\" data-widget_type=\"image-box.default\">\n\t\t\t\t<div class=\"elementor-widget-container\">\n\t\t\t\t\t<div class=\"elementor-image-box-wrapper\"><figure class=\"elementor-image-box-img\"><img fetchpriority=\"high\" decoding=\"async\" width=\"1000\" height=\"750\" src=\"https:\/\/www.aera-sa.fr\/wp-content\/uploads\/2021\/11\/Film-retractable.jpg\" class=\"attachment-full size-full wp-image-9481\" alt=\"Film r\u00e9tractable POFF \nFruits\/l\u00e9gumes\" srcset=\"https:\/\/www.aera-sa.fr\/wp-content\/uploads\/2021\/11\/Film-retractable.jpg 1000w, https:\/\/www.aera-sa.fr\/wp-content\/uploads\/2021\/11\/Film-retractable-300x225.jpg 300w, https:\/\/www.aera-sa.fr\/wp-content\/uploads\/2021\/11\/Film-retractable-768x576.jpg 768w\" sizes=\"(max-width: 1000px) 100vw, 1000px\" \/><\/figure><div class=\"elementor-image-box-content\"><h3 class=\"elementor-image-box-title\">Fr\u00fcchte<\/h3><p class=\"elementor-image-box-description\"><br><\/p><\/div><\/div>\t\t\t\t<\/div>\n\t\t\t\t<\/div>\n\t\t\t\t\t<\/div>\n\t\t<\/div>\n\t\t\t\t<div class=\"elementor-column elementor-col-25 elementor-inner-column elementor-element elementor-element-75f94a9\" data-id=\"75f94a9\" data-element_type=\"column\">\n\t\t\t<div class=\"elementor-widget-wrap elementor-element-populated\">\n\t\t\t\t\t\t<div class=\"elementor-element elementor-element-0a51533 elementor-widget elementor-widget-image-box\" data-id=\"0a51533\" data-element_type=\"widget\" data-widget_type=\"image-box.default\">\n\t\t\t\t<div class=\"elementor-widget-container\">\n\t\t\t\t\t<div class=\"elementor-image-box-wrapper\"><div class=\"elementor-image-box-content\"><h3 class=\"elementor-image-box-title\">??<\/h3><p class=\"elementor-image-box-description\"><br><\/p><\/div><\/div>\t\t\t\t<\/div>\n\t\t\t\t<\/div>\n\t\t\t\t\t<\/div>\n\t\t<\/div>\n\t\t\t\t<div class=\"elementor-column elementor-col-25 elementor-inner-column elementor-element elementor-element-dde8774\" data-id=\"dde8774\" data-element_type=\"column\">\n\t\t\t<div class=\"elementor-widget-wrap elementor-element-populated\">\n\t\t\t\t\t\t<div class=\"elementor-element elementor-element-02f901a elementor-widget elementor-widget-image-box\" data-id=\"02f901a\" data-element_type=\"widget\" data-widget_type=\"image-box.default\">\n\t\t\t\t<div class=\"elementor-widget-container\">\n\t\t\t\t\t<div class=\"elementor-image-box-wrapper\"><div class=\"elementor-image-box-content\"><h3 class=\"elementor-image-box-title\">??<\/h3><p class=\"elementor-image-box-description\"><br><\/p><\/div><\/div>\t\t\t\t<\/div>\n\t\t\t\t<\/div>\n\t\t\t\t\t<\/div>\n\t\t<\/div>\n\t\t\t\t<div class=\"elementor-column elementor-col-25 elementor-inner-column elementor-element elementor-element-32667fd\" data-id=\"32667fd\" data-element_type=\"column\">\n\t\t\t<div class=\"elementor-widget-wrap elementor-element-populated\">\n\t\t\t\t\t\t<div class=\"elementor-element elementor-element-ffa30d9 elementor-widget elementor-widget-image-box\" data-id=\"ffa30d9\" data-element_type=\"widget\" data-widget_type=\"image-box.default\">\n\t\t\t\t<div class=\"elementor-widget-container\">\n\t\t\t\t\t<div class=\"elementor-image-box-wrapper\"><div class=\"elementor-image-box-content\"><h3 class=\"elementor-image-box-title\">??<\/h3><p class=\"elementor-image-box-description\"><br><\/p><\/div><\/div>\t\t\t\t<\/div>\n\t\t\t\t<\/div>\n\t\t\t\t\t<\/div>\n\t\t<\/div>\n\t\t\t\t\t<\/div>\n\t\t<\/section>\n\t\t\t\t\t<\/div>\n\t\t<\/div>\n\t\t\t\t\t<\/div>\n\t\t<\/section>\n\t\t\t\t<\/div>\n\t\t","protected":false},"excerpt":{"rendered":"<p>BIOBASIERTE FOLIEN PLA &amp; CELLO In dem Bestreben, Treibhausgasemissionen und Post-Konsum-Abf\u00e4lle zu reduzieren, bietet AERA verschiedene biobasierte Folien wie PLA (NATIVIA(\u00ae) oder Cellophan an. Diese Folien, die auf Mais- oder Holzst\u00e4rke basieren, k\u00f6nnen in vielen Bereichen mit dem Ziel eingesetzt werden, erd\u00f6lbasierte Materialien zu ersetzen. Diese beiden Materialien sind gem\u00e4\u00df der Norm EN 13432 als [&hellip;]<\/p>\n","protected":false},"author":1,"featured_media":0,"parent":0,"menu_order":0,"comment_status":"closed","ping_status":"closed","template":"","meta":{"inline_featured_image":false,"footnotes":""},"class_list":["post-10417","page","type-page","status-publish","hentry"],"yoast_head":"<!-- This site is optimized with the Yoast SEO plugin v25.6 - https:\/\/yoast.com\/wordpress\/plugins\/seo\/ -->\n<title>BIOBASIERTE FOLIEN - AERA<\/title>\n<meta name=\"robots\" content=\"index, follow, max-snippet:-1, max-image-preview:large, max-video-preview:-1\" \/>\n<link rel=\"canonical\" href=\"https:\/\/www.aera-sa.fr\/de\/biobasierte-folien\/\" \/>\n<meta property=\"og:locale\" content=\"de_DE\" \/>\n<meta property=\"og:type\" content=\"article\" \/>\n<meta property=\"og:title\" content=\"BIOBASIERTE FOLIEN - AERA\" \/>\n<meta property=\"og:description\" content=\"BIOBASIERTE FOLIEN PLA &amp; CELLO In dem Bestreben, Treibhausgasemissionen und Post-Konsum-Abf\u00e4lle zu reduzieren, bietet AERA verschiedene biobasierte Folien wie PLA (NATIVIA(\u00ae) oder Cellophan an. Diese Folien, die auf Mais- oder Holzst\u00e4rke basieren, k\u00f6nnen in vielen Bereichen mit dem Ziel eingesetzt werden, erd\u00f6lbasierte Materialien zu ersetzen. Diese beiden Materialien sind gem\u00e4\u00df der Norm EN 13432 als [&hellip;]\" \/>\n<meta property=\"og:url\" content=\"https:\/\/www.aera-sa.fr\/de\/biobasierte-folien\/\" \/>\n<meta property=\"og:site_name\" content=\"AERA\" \/>\n<meta property=\"article:modified_time\" content=\"2023-02-09T12:31:21+00:00\" \/>\n<meta property=\"og:image\" content=\"https:\/\/www.aera-sa.fr\/wp-content\/uploads\/elementor\/thumbs\/AdobeStock_15340199-scaled-q02bjrvloj1vcwwl2ai6qns67anp8rjkpyf5x9na9k.jpeg\" \/>\n<meta name=\"twitter:card\" content=\"summary_large_image\" \/>\n<meta name=\"twitter:label1\" content=\"Gesch\u00e4tzte Lesezeit\" \/>\n\t<meta name=\"twitter:data1\" content=\"1\u00a0Minute\" \/>\n<script type=\"application\/ld+json\" class=\"yoast-schema-graph\">{\"@context\":\"https:\/\/schema.org\",\"@graph\":[{\"@type\":\"WebPage\",\"@id\":\"https:\/\/www.aera-sa.fr\/de\/biobasierte-folien\/\",\"url\":\"https:\/\/www.aera-sa.fr\/de\/biobasierte-folien\/\",\"name\":\"BIOBASIERTE FOLIEN - AERA\",\"isPartOf\":{\"@id\":\"https:\/\/www.aera-sa.fr\/de\/#website\"},\"primaryImageOfPage\":{\"@id\":\"https:\/\/www.aera-sa.fr\/de\/biobasierte-folien\/#primaryimage\"},\"image\":{\"@id\":\"https:\/\/www.aera-sa.fr\/de\/biobasierte-folien\/#primaryimage\"},\"thumbnailUrl\":\"https:\/\/www.aera-sa.fr\/wp-content\/uploads\/elementor\/thumbs\/AdobeStock_15340199-scaled-q02bjrvloj1vcwwl2ai6qns67anp8rjkpyf5x9na9k.jpeg\",\"datePublished\":\"2022-06-30T13:41:45+00:00\",\"dateModified\":\"2023-02-09T12:31:21+00:00\",\"breadcrumb\":{\"@id\":\"https:\/\/www.aera-sa.fr\/de\/biobasierte-folien\/#breadcrumb\"},\"inLanguage\":\"de\",\"potentialAction\":[{\"@type\":\"ReadAction\",\"target\":[\"https:\/\/www.aera-sa.fr\/de\/biobasierte-folien\/\"]}]},{\"@type\":\"ImageObject\",\"inLanguage\":\"de\",\"@id\":\"https:\/\/www.aera-sa.fr\/de\/biobasierte-folien\/#primaryimage\",\"url\":\"https:\/\/www.aera-sa.fr\/wp-content\/uploads\/elementor\/thumbs\/AdobeStock_15340199-scaled-q02bjrvloj1vcwwl2ai6qns67anp8rjkpyf5x9na9k.jpeg\",\"contentUrl\":\"https:\/\/www.aera-sa.fr\/wp-content\/uploads\/elementor\/thumbs\/AdobeStock_15340199-scaled-q02bjrvloj1vcwwl2ai6qns67anp8rjkpyf5x9na9k.jpeg\"},{\"@type\":\"BreadcrumbList\",\"@id\":\"https:\/\/www.aera-sa.fr\/de\/biobasierte-folien\/#breadcrumb\",\"itemListElement\":[{\"@type\":\"ListItem\",\"position\":1,\"name\":\"Accueil\",\"item\":\"https:\/\/www.aera-sa.fr\/de\/home\/\"},{\"@type\":\"ListItem\",\"position\":2,\"name\":\"BIOBASIERTE FOLIEN\"}]},{\"@type\":\"WebSite\",\"@id\":\"https:\/\/www.aera-sa.fr\/de\/#website\",\"url\":\"https:\/\/www.aera-sa.fr\/de\/\",\"name\":\"AERA\",\"description\":\"Solutions de mise sous film et papier\",\"publisher\":{\"@id\":\"https:\/\/www.aera-sa.fr\/de\/#organization\"},\"potentialAction\":[{\"@type\":\"SearchAction\",\"target\":{\"@type\":\"EntryPoint\",\"urlTemplate\":\"https:\/\/www.aera-sa.fr\/de\/?s={search_term_string}\"},\"query-input\":{\"@type\":\"PropertyValueSpecification\",\"valueRequired\":true,\"valueName\":\"search_term_string\"}}],\"inLanguage\":\"de\"},{\"@type\":\"Organization\",\"@id\":\"https:\/\/www.aera-sa.fr\/de\/#organization\",\"name\":\"AERA\",\"url\":\"https:\/\/www.aera-sa.fr\/de\/\",\"logo\":{\"@type\":\"ImageObject\",\"inLanguage\":\"de\",\"@id\":\"https:\/\/www.aera-sa.fr\/de\/#\/schema\/logo\/image\/\",\"url\":\"https:\/\/www.aera-sa.fr\/wp-content\/uploads\/2021\/09\/logo-aera-miroir.png\",\"contentUrl\":\"https:\/\/www.aera-sa.fr\/wp-content\/uploads\/2021\/09\/logo-aera-miroir.png\",\"width\":177,\"height\":264,\"caption\":\"AERA\"},\"image\":{\"@id\":\"https:\/\/www.aera-sa.fr\/de\/#\/schema\/logo\/image\/\"}}]}<\/script>\n<!-- \/ Yoast SEO plugin. -->","yoast_head_json":{"title":"BIOBASIERTE FOLIEN - AERA","robots":{"index":"index","follow":"follow","max-snippet":"max-snippet:-1","max-image-preview":"max-image-preview:large","max-video-preview":"max-video-preview:-1"},"canonical":"https:\/\/www.aera-sa.fr\/de\/biobasierte-folien\/","og_locale":"de_DE","og_type":"article","og_title":"BIOBASIERTE FOLIEN - AERA","og_description":"BIOBASIERTE FOLIEN PLA &amp; CELLO In dem Bestreben, Treibhausgasemissionen und Post-Konsum-Abf\u00e4lle zu reduzieren, bietet AERA verschiedene biobasierte Folien wie PLA (NATIVIA(\u00ae) oder Cellophan an. Diese Folien, die auf Mais- oder Holzst\u00e4rke basieren, k\u00f6nnen in vielen Bereichen mit dem Ziel eingesetzt werden, erd\u00f6lbasierte Materialien zu ersetzen. Diese beiden Materialien sind gem\u00e4\u00df der Norm EN 13432 als [&hellip;]","og_url":"https:\/\/www.aera-sa.fr\/de\/biobasierte-folien\/","og_site_name":"AERA","article_modified_time":"2023-02-09T12:31:21+00:00","og_image":[{"url":"https:\/\/www.aera-sa.fr\/wp-content\/uploads\/elementor\/thumbs\/AdobeStock_15340199-scaled-q02bjrvloj1vcwwl2ai6qns67anp8rjkpyf5x9na9k.jpeg","type":"","width":"","height":""}],"twitter_card":"summary_large_image","twitter_misc":{"Gesch\u00e4tzte Lesezeit":"1\u00a0Minute"},"schema":{"@context":"https:\/\/schema.org","@graph":[{"@type":"WebPage","@id":"https:\/\/www.aera-sa.fr\/de\/biobasierte-folien\/","url":"https:\/\/www.aera-sa.fr\/de\/biobasierte-folien\/","name":"BIOBASIERTE FOLIEN - AERA","isPartOf":{"@id":"https:\/\/www.aera-sa.fr\/de\/#website"},"primaryImageOfPage":{"@id":"https:\/\/www.aera-sa.fr\/de\/biobasierte-folien\/#primaryimage"},"image":{"@id":"https:\/\/www.aera-sa.fr\/de\/biobasierte-folien\/#primaryimage"},"thumbnailUrl":"https:\/\/www.aera-sa.fr\/wp-content\/uploads\/elementor\/thumbs\/AdobeStock_15340199-scaled-q02bjrvloj1vcwwl2ai6qns67anp8rjkpyf5x9na9k.jpeg","datePublished":"2022-06-30T13:41:45+00:00","dateModified":"2023-02-09T12:31:21+00:00","breadcrumb":{"@id":"https:\/\/www.aera-sa.fr\/de\/biobasierte-folien\/#breadcrumb"},"inLanguage":"de","potentialAction":[{"@type":"ReadAction","target":["https:\/\/www.aera-sa.fr\/de\/biobasierte-folien\/"]}]},{"@type":"ImageObject","inLanguage":"de","@id":"https:\/\/www.aera-sa.fr\/de\/biobasierte-folien\/#primaryimage","url":"https:\/\/www.aera-sa.fr\/wp-content\/uploads\/elementor\/thumbs\/AdobeStock_15340199-scaled-q02bjrvloj1vcwwl2ai6qns67anp8rjkpyf5x9na9k.jpeg","contentUrl":"https:\/\/www.aera-sa.fr\/wp-content\/uploads\/elementor\/thumbs\/AdobeStock_15340199-scaled-q02bjrvloj1vcwwl2ai6qns67anp8rjkpyf5x9na9k.jpeg"},{"@type":"BreadcrumbList","@id":"https:\/\/www.aera-sa.fr\/de\/biobasierte-folien\/#breadcrumb","itemListElement":[{"@type":"ListItem","position":1,"name":"Accueil","item":"https:\/\/www.aera-sa.fr\/de\/home\/"},{"@type":"ListItem","position":2,"name":"BIOBASIERTE FOLIEN"}]},{"@type":"WebSite","@id":"https:\/\/www.aera-sa.fr\/de\/#website","url":"https:\/\/www.aera-sa.fr\/de\/","name":"AERA","description":"Solutions de mise sous film et papier","publisher":{"@id":"https:\/\/www.aera-sa.fr\/de\/#organization"},"potentialAction":[{"@type":"SearchAction","target":{"@type":"EntryPoint","urlTemplate":"https:\/\/www.aera-sa.fr\/de\/?s={search_term_string}"},"query-input":{"@type":"PropertyValueSpecification","valueRequired":true,"valueName":"search_term_string"}}],"inLanguage":"de"},{"@type":"Organization","@id":"https:\/\/www.aera-sa.fr\/de\/#organization","name":"AERA","url":"https:\/\/www.aera-sa.fr\/de\/","logo":{"@type":"ImageObject","inLanguage":"de","@id":"https:\/\/www.aera-sa.fr\/de\/#\/schema\/logo\/image\/","url":"https:\/\/www.aera-sa.fr\/wp-content\/uploads\/2021\/09\/logo-aera-miroir.png","contentUrl":"https:\/\/www.aera-sa.fr\/wp-content\/uploads\/2021\/09\/logo-aera-miroir.png","width":177,"height":264,"caption":"AERA"},"image":{"@id":"https:\/\/www.aera-sa.fr\/de\/#\/schema\/logo\/image\/"}}]}},"_links":{"self":[{"href":"https:\/\/www.aera-sa.fr\/de\/wp-json\/wp\/v2\/pages\/10417","targetHints":{"allow":["GET"]}}],"collection":[{"href":"https:\/\/www.aera-sa.fr\/de\/wp-json\/wp\/v2\/pages"}],"about":[{"href":"https:\/\/www.aera-sa.fr\/de\/wp-json\/wp\/v2\/types\/page"}],"author":[{"embeddable":true,"href":"https:\/\/www.aera-sa.fr\/de\/wp-json\/wp\/v2\/users\/1"}],"replies":[{"embeddable":true,"href":"https:\/\/www.aera-sa.fr\/de\/wp-json\/wp\/v2\/comments?post=10417"}],"version-history":[{"count":1,"href":"https:\/\/www.aera-sa.fr\/de\/wp-json\/wp\/v2\/pages\/10417\/revisions"}],"predecessor-version":[{"id":10418,"href":"https:\/\/www.aera-sa.fr\/de\/wp-json\/wp\/v2\/pages\/10417\/revisions\/10418"}],"wp:attachment":[{"href":"https:\/\/www.aera-sa.fr\/de\/wp-json\/wp\/v2\/media?parent=10417"}],"curies":[{"name":"wp","href":"https:\/\/api.w.org\/{rel}","templated":true}]}}