{"id":10468,"date":"2022-05-30T09:54:35","date_gmt":"2022-05-30T07:54:35","guid":{"rendered":"https:\/\/www.aera-sa.fr\/buendelpacker\/"},"modified":"2023-02-10T08:49:16","modified_gmt":"2023-02-10T07:49:16","slug":"buendelpacker","status":"publish","type":"page","link":"https:\/\/www.aera-sa.fr\/de\/buendelpacker\/","title":{"rendered":"B\u00fcndelpacker"},"content":{"rendered":"\t\t<div data-elementor-type=\"wp-page\" data-elementor-id=\"10468\" class=\"elementor elementor-10468 elementor-2793\" data-elementor-post-type=\"page\">\n\t\t\t\t\t\t<section class=\"elementor-section elementor-top-section elementor-element elementor-element-46f1cf6e elementor-section-boxed elementor-section-height-default elementor-section-height-default\" data-id=\"46f1cf6e\" data-element_type=\"section\" data-settings=\"{&quot;background_background&quot;:&quot;classic&quot;}\">\n\t\t\t\t\t\t<div class=\"elementor-container elementor-column-gap-default\">\n\t\t\t\t\t<div class=\"elementor-column elementor-col-100 elementor-top-column elementor-element elementor-element-5a0f0b6a\" data-id=\"5a0f0b6a\" data-element_type=\"column\">\n\t\t\t<div class=\"elementor-widget-wrap elementor-element-populated\">\n\t\t\t\t\t\t<section class=\"elementor-section elementor-inner-section elementor-element elementor-element-fa38ffe elementor-section-full_width elementor-section-height-default elementor-section-height-default\" data-id=\"fa38ffe\" data-element_type=\"section\">\n\t\t\t\t\t\t<div class=\"elementor-container elementor-column-gap-default\">\n\t\t\t\t\t<div class=\"elementor-column elementor-col-33 elementor-inner-column elementor-element elementor-element-ed25674\" data-id=\"ed25674\" data-element_type=\"column\">\n\t\t\t<div class=\"elementor-widget-wrap elementor-element-populated\">\n\t\t\t\t\t\t<div class=\"elementor-element elementor-element-10b659ea elementor-widget elementor-widget-image\" data-id=\"10b659ea\" data-element_type=\"widget\" data-widget_type=\"image.default\">\n\t\t\t\t<div class=\"elementor-widget-container\">\n\t\t\t\t\t\t\t\t\t\t\t\t\t\t\t<img fetchpriority=\"high\" decoding=\"async\" width=\"1920\" height=\"1440\" src=\"https:\/\/www.aera-sa.fr\/wp-content\/uploads\/2022\/05\/Hugo_Beck_bp_800-1.jpg\" class=\"attachment-full size-full wp-image-9663\" alt=\"\" srcset=\"https:\/\/www.aera-sa.fr\/wp-content\/uploads\/2022\/05\/Hugo_Beck_bp_800-1.jpg 1920w, https:\/\/www.aera-sa.fr\/wp-content\/uploads\/2022\/05\/Hugo_Beck_bp_800-1-300x225.jpg 300w, https:\/\/www.aera-sa.fr\/wp-content\/uploads\/2022\/05\/Hugo_Beck_bp_800-1-1024x768.jpg 1024w, https:\/\/www.aera-sa.fr\/wp-content\/uploads\/2022\/05\/Hugo_Beck_bp_800-1-768x576.jpg 768w, https:\/\/www.aera-sa.fr\/wp-content\/uploads\/2022\/05\/Hugo_Beck_bp_800-1-1536x1152.jpg 1536w\" sizes=\"(max-width: 1920px) 100vw, 1920px\" \/>\t\t\t\t\t\t\t\t\t\t\t\t\t\t\t<\/div>\n\t\t\t\t<\/div>\n\t\t\t\t\t<\/div>\n\t\t<\/div>\n\t\t\t\t<div class=\"elementor-column elementor-col-66 elementor-inner-column elementor-element elementor-element-22b3b947\" data-id=\"22b3b947\" data-element_type=\"column\">\n\t\t\t<div class=\"elementor-widget-wrap elementor-element-populated\">\n\t\t\t\t\t\t<div class=\"elementor-element elementor-element-23cebb1c elementor-widget elementor-widget-heading\" data-id=\"23cebb1c\" data-element_type=\"widget\" data-widget_type=\"heading.default\">\n\t\t\t\t<div class=\"elementor-widget-container\">\n\t\t\t\t\t<h2 class=\"elementor-heading-title elementor-size-default\">B\u00fcndelpacker<\/h2>\t\t\t\t<\/div>\n\t\t\t\t<\/div>\n\t\t\t\t<div class=\"elementor-element elementor-element-c246a6a elementor-widget elementor-widget-text-editor\" data-id=\"c246a6a\" data-element_type=\"widget\" data-widget_type=\"text-editor.default\">\n\t\t\t\t<div class=\"elementor-widget-container\">\n\t\t\t\t\t\t\t\t\t<p class=\"MsoNormal\">Mit unserer vielseitigen und leistungsstarken Schrumpfverpackungsmaschine k\u00f6nnen Sie in hoher Geschwindigkeit zahlreiche Produkttypen verpacken, von Schalen \u00fcber Kartonstapel bis hin zu Kleidungsst\u00fccken&#8230;<\/p>\n<p class=\"MsoNormal\">Die beiden Folienrollen sind an der Seite der Maschine zug\u00e4nglich und erm\u00f6glichen einen schnellen und einfachen Folienwechsel.<\/p>\n<p class=\"MsoNormal\">Optional kann mithilfe einer Ultraschallerkennung die H\u00f6he der Produkte gemessen werden, um die Folie vorab abzuwickeln, bevor der Produktstapel eintrifft.<\/p>\n<p class=\"MsoNormal\">Mit einer Produktdurchgangsh\u00f6he von 400 mm und einer Siegelschienenbreite von 800 mm ist die BP800 in der Lage, auch gro\u00dfe Produkte zu verpacken.<\/p>\n<p class=\"MsoNormal\">Zus\u00e4tzlich zur Standardversion der BP800, die das Verpacken in Folie erm\u00f6glicht, kann die BP800 auch mit einer Papier-Stretchwickelvorrichtung ausgestattet werden.<\/p>\n<\/p>\n<p class=\"MsoNormal\">Bitte fragen Sie uns bei Bedarf.<\/p>\n\t\t\t\t\t\t\t\t<\/div>\n\t\t\t\t<\/div>\n\t\t\t\t\t<\/div>\n\t\t<\/div>\n\t\t\t\t\t<\/div>\n\t\t<\/section>\n\t\t\t\t\t<\/div>\n\t\t<\/div>\n\t\t\t\t\t<\/div>\n\t\t<\/section>\n\t\t\t\t<section class=\"elementor-section elementor-top-section elementor-element elementor-element-1d7b4f3a elementor-section-boxed elementor-section-height-default elementor-section-height-default\" data-id=\"1d7b4f3a\" data-element_type=\"section\" data-settings=\"{&quot;background_background&quot;:&quot;classic&quot;}\">\n\t\t\t\t\t\t<div class=\"elementor-container elementor-column-gap-default\">\n\t\t\t\t\t<div class=\"elementor-column elementor-col-100 elementor-top-column elementor-element elementor-element-344e84a7\" data-id=\"344e84a7\" data-element_type=\"column\">\n\t\t\t<div class=\"elementor-widget-wrap elementor-element-populated\">\n\t\t\t\t\t\t<div class=\"elementor-element elementor-element-4d13e026 elementor-widget elementor-widget-heading\" data-id=\"4d13e026\" data-element_type=\"widget\" data-widget_type=\"heading.default\">\n\t\t\t\t<div class=\"elementor-widget-container\">\n\t\t\t\t\t<h2 class=\"elementor-heading-title elementor-size-default\">DEN RICHTIGEN B\u00dcNDELPACKER F\u00dcR IHREN BEDARF FINDEN<\/h2>\t\t\t\t<\/div>\n\t\t\t\t<\/div>\n\t\t\t\t<section class=\"elementor-section elementor-inner-section elementor-element elementor-element-3b5e4ae elementor-section-boxed elementor-section-height-default elementor-section-height-default\" data-id=\"3b5e4ae\" data-element_type=\"section\" data-settings=\"{&quot;background_background&quot;:&quot;classic&quot;}\">\n\t\t\t\t\t\t<div class=\"elementor-container elementor-column-gap-default\">\n\t\t\t\t\t<div class=\"elementor-column elementor-col-33 elementor-inner-column elementor-element elementor-element-a0ec9e5\" data-id=\"a0ec9e5\" data-element_type=\"column\">\n\t\t\t<div class=\"elementor-widget-wrap\">\n\t\t\t\t\t\t\t<\/div>\n\t\t<\/div>\n\t\t\t\t<div class=\"elementor-column elementor-col-33 elementor-inner-column elementor-element elementor-element-a3f44d1\" data-id=\"a3f44d1\" data-element_type=\"column\">\n\t\t\t<div class=\"elementor-widget-wrap elementor-element-populated\">\n\t\t\t\t\t\t<div class=\"elementor-element elementor-element-dd40dde elementor-position-top elementor-widget elementor-widget-image-box\" data-id=\"dd40dde\" data-element_type=\"widget\" data-widget_type=\"image-box.default\">\n\t\t\t\t<div class=\"elementor-widget-container\">\n\t\t\t\t\t<div class=\"elementor-image-box-wrapper\"><figure class=\"elementor-image-box-img\"><img fetchpriority=\"high\" decoding=\"async\" width=\"1920\" height=\"1440\" src=\"https:\/\/www.aera-sa.fr\/wp-content\/uploads\/2022\/05\/Hugo_Beck_bp_800-1.jpg\" class=\"attachment-full size-full wp-image-9663\" alt=\"\" srcset=\"https:\/\/www.aera-sa.fr\/wp-content\/uploads\/2022\/05\/Hugo_Beck_bp_800-1.jpg 1920w, https:\/\/www.aera-sa.fr\/wp-content\/uploads\/2022\/05\/Hugo_Beck_bp_800-1-300x225.jpg 300w, https:\/\/www.aera-sa.fr\/wp-content\/uploads\/2022\/05\/Hugo_Beck_bp_800-1-1024x768.jpg 1024w, https:\/\/www.aera-sa.fr\/wp-content\/uploads\/2022\/05\/Hugo_Beck_bp_800-1-768x576.jpg 768w, https:\/\/www.aera-sa.fr\/wp-content\/uploads\/2022\/05\/Hugo_Beck_bp_800-1-1536x1152.jpg 1536w\" sizes=\"(max-width: 1920px) 100vw, 1920px\" \/><\/figure><div class=\"elementor-image-box-content\"><h3 class=\"elementor-image-box-title\">800 bp<\/h3><\/div><\/div>\t\t\t\t<\/div>\n\t\t\t\t<\/div>\n\t\t\t\t\t<\/div>\n\t\t<\/div>\n\t\t\t\t<div class=\"elementor-column elementor-col-33 elementor-inner-column elementor-element elementor-element-be98938\" data-id=\"be98938\" data-element_type=\"column\">\n\t\t\t<div class=\"elementor-widget-wrap\">\n\t\t\t\t\t\t\t<\/div>\n\t\t<\/div>\n\t\t\t\t\t<\/div>\n\t\t<\/section>\n\t\t\t\t\t<\/div>\n\t\t<\/div>\n\t\t\t\t\t<\/div>\n\t\t<\/section>\n\t\t\t\t<section class=\"elementor-section elementor-top-section elementor-element elementor-element-6c4cdfb elementor-section-boxed elementor-section-height-default elementor-section-height-default\" data-id=\"6c4cdfb\" data-element_type=\"section\" data-settings=\"{&quot;background_background&quot;:&quot;classic&quot;}\">\n\t\t\t\t\t\t<div class=\"elementor-container elementor-column-gap-default\">\n\t\t\t\t\t<div class=\"elementor-column elementor-col-100 elementor-top-column elementor-element elementor-element-0d44c6a\" data-id=\"0d44c6a\" data-element_type=\"column\">\n\t\t\t<div class=\"elementor-widget-wrap elementor-element-populated\">\n\t\t\t\t\t\t<div class=\"elementor-element elementor-element-05d7e2c elementor-widget elementor-widget-heading\" data-id=\"05d7e2c\" data-element_type=\"widget\" data-widget_type=\"heading.default\">\n\t\t\t\t<div class=\"elementor-widget-container\">\n\t\t\t\t\t<h2 class=\"elementor-heading-title elementor-size-default\">BEISPIEL F\u00dcR EINE FOLIERUNG<\/h2>\t\t\t\t<\/div>\n\t\t\t\t<\/div>\n\t\t\t\t<div class=\"elementor-element elementor-element-066a974 elementor-widget elementor-widget-video\" data-id=\"066a974\" data-element_type=\"widget\" data-settings=\"{&quot;youtube_url&quot;:&quot;https:\\\/\\\/youtu.be\\\/I2ZOVRiF_7w&quot;,&quot;video_type&quot;:&quot;youtube&quot;,&quot;controls&quot;:&quot;yes&quot;}\" data-widget_type=\"video.default\">\n\t\t\t\t<div class=\"elementor-widget-container\">\n\t\t\t\t\t\t\t<div class=\"elementor-wrapper elementor-open-inline\">\n\t\t\t<div class=\"elementor-video\"><\/div>\t\t<\/div>\n\t\t\t\t\t\t<\/div>\n\t\t\t\t<\/div>\n\t\t\t\t\t<\/div>\n\t\t<\/div>\n\t\t\t\t\t<\/div>\n\t\t<\/section>\n\t\t\t\t<section class=\"elementor-section elementor-top-section elementor-element elementor-element-0c8e808 elementor-section-boxed elementor-section-height-default elementor-section-height-default\" data-id=\"0c8e808\" data-element_type=\"section\" data-settings=\"{&quot;background_background&quot;:&quot;classic&quot;}\">\n\t\t\t\t\t\t<div class=\"elementor-container elementor-column-gap-default\">\n\t\t\t\t\t<div class=\"elementor-column elementor-col-100 elementor-top-column elementor-element elementor-element-7f9f678\" data-id=\"7f9f678\" data-element_type=\"column\">\n\t\t\t<div class=\"elementor-widget-wrap elementor-element-populated\">\n\t\t\t\t\t\t<div class=\"elementor-element elementor-element-0109f0e elementor-widget elementor-widget-heading\" data-id=\"0109f0e\" data-element_type=\"widget\" data-widget_type=\"heading.default\">\n\t\t\t\t<div class=\"elementor-widget-container\">\n\t\t\t\t\t<h2 class=\"elementor-heading-title elementor-size-default\">OPTIONEN F\u00dcR VERPACKUNGSMODI<\/h2>\t\t\t\t<\/div>\n\t\t\t\t<\/div>\n\t\t\t\t\t<\/div>\n\t\t<\/div>\n\t\t\t\t\t<\/div>\n\t\t<\/section>\n\t\t\t\t<section class=\"elementor-section elementor-top-section elementor-element elementor-element-c27415e elementor-section-content-space-evenly elementor-section-boxed elementor-section-height-default elementor-section-height-default\" data-id=\"c27415e\" data-element_type=\"section\" data-settings=\"{&quot;background_background&quot;:&quot;classic&quot;}\">\n\t\t\t\t\t\t<div class=\"elementor-container elementor-column-gap-wider\">\n\t\t\t\t\t<div class=\"elementor-column elementor-col-33 elementor-top-column elementor-element elementor-element-c7e56eb\" data-id=\"c7e56eb\" data-element_type=\"column\">\n\t\t\t<div class=\"elementor-widget-wrap\">\n\t\t\t\t\t\t\t<\/div>\n\t\t<\/div>\n\t\t\t\t<div class=\"elementor-column elementor-col-33 elementor-top-column elementor-element elementor-element-90dd41c\" data-id=\"90dd41c\" data-element_type=\"column\">\n\t\t\t<div class=\"elementor-widget-wrap elementor-element-populated\">\n\t\t\t\t\t\t<div class=\"elementor-element elementor-element-2a62657 elementor-widget elementor-widget-image\" data-id=\"2a62657\" data-element_type=\"widget\" data-widget_type=\"image.default\">\n\t\t\t\t<div class=\"elementor-widget-container\">\n\t\t\t\t\t\t\t\t\t\t\t\t\t\t\t\t<a href=\"https:\/\/www.aera-sa.fr\/de\/fardelage\/\">\n\t\t\t\t\t\t\t<img decoding=\"async\" width=\"590\" height=\"440\" src=\"https:\/\/www.aera-sa.fr\/wp-content\/uploads\/2021\/12\/Sleeve_wrapping_Banderolierung.jpg\" class=\"attachment-medium_large size-medium_large wp-image-9525\" alt=\"Fardelage avec lunules sur les 2 c\u00f4t\u00e9s\" srcset=\"https:\/\/www.aera-sa.fr\/wp-content\/uploads\/2021\/12\/Sleeve_wrapping_Banderolierung.jpg 590w, https:\/\/www.aera-sa.fr\/wp-content\/uploads\/2021\/12\/Sleeve_wrapping_Banderolierung-300x224.jpg 300w\" sizes=\"(max-width: 590px) 100vw, 590px\" \/>\t\t\t\t\t\t\t\t<\/a>\n\t\t\t\t\t\t\t\t\t\t\t\t\t\t\t<\/div>\n\t\t\t\t<\/div>\n\t\t\t\t<div class=\"elementor-element elementor-element-6b8365a elementor-widget elementor-widget-heading\" data-id=\"6b8365a\" data-element_type=\"widget\" data-widget_type=\"heading.default\">\n\t\t\t\t<div class=\"elementor-widget-container\">\n\t\t\t\t\t<h2 class=\"elementor-heading-title elementor-size-default\">Banderolierung<\/h2>\t\t\t\t<\/div>\n\t\t\t\t<\/div>\n\t\t\t\t<div class=\"elementor-element elementor-element-03ef348 elementor-align-center elementor-widget elementor-widget-button\" data-id=\"03ef348\" data-element_type=\"widget\" data-widget_type=\"button.default\">\n\t\t\t\t<div class=\"elementor-widget-container\">\n\t\t\t\t\t\t\t\t\t<div class=\"elementor-button-wrapper\">\n\t\t\t\t\t<a class=\"elementor-button elementor-button-link elementor-size-xs\" href=\"https:\/\/www.aera-sa.fr\/de\/fardelage\/\">\n\t\t\t\t\t\t<span class=\"elementor-button-content-wrapper\">\n\t\t\t\t\t\t\t\t\t<span class=\"elementor-button-text\">Lesen Sie mehr<\/span>\n\t\t\t\t\t<\/span>\n\t\t\t\t\t<\/a>\n\t\t\t\t<\/div>\n\t\t\t\t\t\t\t\t<\/div>\n\t\t\t\t<\/div>\n\t\t\t\t\t<\/div>\n\t\t<\/div>\n\t\t\t\t<div class=\"elementor-column elementor-col-33 elementor-top-column elementor-element elementor-element-eea54de\" data-id=\"eea54de\" data-element_type=\"column\">\n\t\t\t<div class=\"elementor-widget-wrap\">\n\t\t\t\t\t\t\t<\/div>\n\t\t<\/div>\n\t\t\t\t\t<\/div>\n\t\t<\/section>\n\t\t\t\t<\/div>\n\t\t","protected":false},"excerpt":{"rendered":"<p>B\u00fcndelpacker Mit unserer vielseitigen und leistungsstarken Schrumpfverpackungsmaschine k\u00f6nnen Sie in hoher Geschwindigkeit zahlreiche Produkttypen verpacken, von Schalen \u00fcber Kartonstapel bis hin zu Kleidungsst\u00fccken&#8230; Die beiden Folienrollen sind an der Seite der Maschine zug\u00e4nglich und erm\u00f6glichen einen schnellen und einfachen Folienwechsel. Optional kann mithilfe einer Ultraschallerkennung die H\u00f6he der Produkte gemessen werden, um die Folie vorab [&hellip;]<\/p>\n","protected":false},"author":1,"featured_media":0,"parent":0,"menu_order":0,"comment_status":"closed","ping_status":"closed","template":"","meta":{"inline_featured_image":false,"footnotes":""},"class_list":["post-10468","page","type-page","status-publish","hentry"],"yoast_head":"<!-- This site is optimized with the Yoast SEO plugin v25.6 - https:\/\/yoast.com\/wordpress\/plugins\/seo\/ -->\n<title>B\u00fcndelpacker - AERA<\/title>\n<meta name=\"robots\" content=\"index, follow, max-snippet:-1, max-image-preview:large, max-video-preview:-1\" \/>\n<link rel=\"canonical\" href=\"https:\/\/www.aera-sa.fr\/de\/buendelpacker\/\" \/>\n<meta property=\"og:locale\" content=\"de_DE\" \/>\n<meta property=\"og:type\" content=\"article\" \/>\n<meta property=\"og:title\" content=\"B\u00fcndelpacker - AERA\" \/>\n<meta property=\"og:description\" content=\"B\u00fcndelpacker Mit unserer vielseitigen und leistungsstarken Schrumpfverpackungsmaschine k\u00f6nnen Sie in hoher Geschwindigkeit zahlreiche Produkttypen verpacken, von Schalen \u00fcber Kartonstapel bis hin zu Kleidungsst\u00fccken&#8230; Die beiden Folienrollen sind an der Seite der Maschine zug\u00e4nglich und erm\u00f6glichen einen schnellen und einfachen Folienwechsel. Optional kann mithilfe einer Ultraschallerkennung die H\u00f6he der Produkte gemessen werden, um die Folie vorab [&hellip;]\" \/>\n<meta property=\"og:url\" content=\"https:\/\/www.aera-sa.fr\/de\/buendelpacker\/\" \/>\n<meta property=\"og:site_name\" content=\"AERA\" \/>\n<meta property=\"article:modified_time\" content=\"2023-02-10T07:49:16+00:00\" \/>\n<meta property=\"og:image\" content=\"https:\/\/www.aera-sa.fr\/wp-content\/uploads\/2022\/05\/Hugo_Beck_bp_800-1.jpg\" \/>\n<meta name=\"twitter:card\" content=\"summary_large_image\" \/>\n<meta name=\"twitter:label1\" content=\"Gesch\u00e4tzte Lesezeit\" \/>\n\t<meta name=\"twitter:data1\" content=\"1\u00a0Minute\" \/>\n<script type=\"application\/ld+json\" class=\"yoast-schema-graph\">{\"@context\":\"https:\/\/schema.org\",\"@graph\":[{\"@type\":\"WebPage\",\"@id\":\"https:\/\/www.aera-sa.fr\/de\/buendelpacker\/\",\"url\":\"https:\/\/www.aera-sa.fr\/de\/buendelpacker\/\",\"name\":\"B\u00fcndelpacker - AERA\",\"isPartOf\":{\"@id\":\"https:\/\/www.aera-sa.fr\/de\/#website\"},\"primaryImageOfPage\":{\"@id\":\"https:\/\/www.aera-sa.fr\/de\/buendelpacker\/#primaryimage\"},\"image\":{\"@id\":\"https:\/\/www.aera-sa.fr\/de\/buendelpacker\/#primaryimage\"},\"thumbnailUrl\":\"https:\/\/www.aera-sa.fr\/wp-content\/uploads\/2022\/05\/Hugo_Beck_bp_800-1.jpg\",\"datePublished\":\"2022-05-30T07:54:35+00:00\",\"dateModified\":\"2023-02-10T07:49:16+00:00\",\"breadcrumb\":{\"@id\":\"https:\/\/www.aera-sa.fr\/de\/buendelpacker\/#breadcrumb\"},\"inLanguage\":\"de\",\"potentialAction\":[{\"@type\":\"ReadAction\",\"target\":[\"https:\/\/www.aera-sa.fr\/de\/buendelpacker\/\"]}]},{\"@type\":\"ImageObject\",\"inLanguage\":\"de\",\"@id\":\"https:\/\/www.aera-sa.fr\/de\/buendelpacker\/#primaryimage\",\"url\":\"https:\/\/www.aera-sa.fr\/wp-content\/uploads\/2022\/05\/Hugo_Beck_bp_800-1.jpg\",\"contentUrl\":\"https:\/\/www.aera-sa.fr\/wp-content\/uploads\/2022\/05\/Hugo_Beck_bp_800-1.jpg\"},{\"@type\":\"BreadcrumbList\",\"@id\":\"https:\/\/www.aera-sa.fr\/de\/buendelpacker\/#breadcrumb\",\"itemListElement\":[{\"@type\":\"ListItem\",\"position\":1,\"name\":\"Accueil\",\"item\":\"https:\/\/www.aera-sa.fr\/de\/home\/\"},{\"@type\":\"ListItem\",\"position\":2,\"name\":\"B\u00fcndelpacker\"}]},{\"@type\":\"WebSite\",\"@id\":\"https:\/\/www.aera-sa.fr\/de\/#website\",\"url\":\"https:\/\/www.aera-sa.fr\/de\/\",\"name\":\"AERA\",\"description\":\"Solutions de mise sous film et papier\",\"publisher\":{\"@id\":\"https:\/\/www.aera-sa.fr\/de\/#organization\"},\"potentialAction\":[{\"@type\":\"SearchAction\",\"target\":{\"@type\":\"EntryPoint\",\"urlTemplate\":\"https:\/\/www.aera-sa.fr\/de\/?s={search_term_string}\"},\"query-input\":{\"@type\":\"PropertyValueSpecification\",\"valueRequired\":true,\"valueName\":\"search_term_string\"}}],\"inLanguage\":\"de\"},{\"@type\":\"Organization\",\"@id\":\"https:\/\/www.aera-sa.fr\/de\/#organization\",\"name\":\"AERA\",\"url\":\"https:\/\/www.aera-sa.fr\/de\/\",\"logo\":{\"@type\":\"ImageObject\",\"inLanguage\":\"de\",\"@id\":\"https:\/\/www.aera-sa.fr\/de\/#\/schema\/logo\/image\/\",\"url\":\"https:\/\/www.aera-sa.fr\/wp-content\/uploads\/2021\/09\/logo-aera-miroir.png\",\"contentUrl\":\"https:\/\/www.aera-sa.fr\/wp-content\/uploads\/2021\/09\/logo-aera-miroir.png\",\"width\":177,\"height\":264,\"caption\":\"AERA\"},\"image\":{\"@id\":\"https:\/\/www.aera-sa.fr\/de\/#\/schema\/logo\/image\/\"}}]}<\/script>\n<!-- \/ Yoast SEO plugin. -->","yoast_head_json":{"title":"B\u00fcndelpacker - AERA","robots":{"index":"index","follow":"follow","max-snippet":"max-snippet:-1","max-image-preview":"max-image-preview:large","max-video-preview":"max-video-preview:-1"},"canonical":"https:\/\/www.aera-sa.fr\/de\/buendelpacker\/","og_locale":"de_DE","og_type":"article","og_title":"B\u00fcndelpacker - AERA","og_description":"B\u00fcndelpacker Mit unserer vielseitigen und leistungsstarken Schrumpfverpackungsmaschine k\u00f6nnen Sie in hoher Geschwindigkeit zahlreiche Produkttypen verpacken, von Schalen \u00fcber Kartonstapel bis hin zu Kleidungsst\u00fccken&#8230; Die beiden Folienrollen sind an der Seite der Maschine zug\u00e4nglich und erm\u00f6glichen einen schnellen und einfachen Folienwechsel. Optional kann mithilfe einer Ultraschallerkennung die H\u00f6he der Produkte gemessen werden, um die Folie vorab [&hellip;]","og_url":"https:\/\/www.aera-sa.fr\/de\/buendelpacker\/","og_site_name":"AERA","article_modified_time":"2023-02-10T07:49:16+00:00","og_image":[{"url":"https:\/\/www.aera-sa.fr\/wp-content\/uploads\/2022\/05\/Hugo_Beck_bp_800-1.jpg","type":"","width":"","height":""}],"twitter_card":"summary_large_image","twitter_misc":{"Gesch\u00e4tzte Lesezeit":"1\u00a0Minute"},"schema":{"@context":"https:\/\/schema.org","@graph":[{"@type":"WebPage","@id":"https:\/\/www.aera-sa.fr\/de\/buendelpacker\/","url":"https:\/\/www.aera-sa.fr\/de\/buendelpacker\/","name":"B\u00fcndelpacker - AERA","isPartOf":{"@id":"https:\/\/www.aera-sa.fr\/de\/#website"},"primaryImageOfPage":{"@id":"https:\/\/www.aera-sa.fr\/de\/buendelpacker\/#primaryimage"},"image":{"@id":"https:\/\/www.aera-sa.fr\/de\/buendelpacker\/#primaryimage"},"thumbnailUrl":"https:\/\/www.aera-sa.fr\/wp-content\/uploads\/2022\/05\/Hugo_Beck_bp_800-1.jpg","datePublished":"2022-05-30T07:54:35+00:00","dateModified":"2023-02-10T07:49:16+00:00","breadcrumb":{"@id":"https:\/\/www.aera-sa.fr\/de\/buendelpacker\/#breadcrumb"},"inLanguage":"de","potentialAction":[{"@type":"ReadAction","target":["https:\/\/www.aera-sa.fr\/de\/buendelpacker\/"]}]},{"@type":"ImageObject","inLanguage":"de","@id":"https:\/\/www.aera-sa.fr\/de\/buendelpacker\/#primaryimage","url":"https:\/\/www.aera-sa.fr\/wp-content\/uploads\/2022\/05\/Hugo_Beck_bp_800-1.jpg","contentUrl":"https:\/\/www.aera-sa.fr\/wp-content\/uploads\/2022\/05\/Hugo_Beck_bp_800-1.jpg"},{"@type":"BreadcrumbList","@id":"https:\/\/www.aera-sa.fr\/de\/buendelpacker\/#breadcrumb","itemListElement":[{"@type":"ListItem","position":1,"name":"Accueil","item":"https:\/\/www.aera-sa.fr\/de\/home\/"},{"@type":"ListItem","position":2,"name":"B\u00fcndelpacker"}]},{"@type":"WebSite","@id":"https:\/\/www.aera-sa.fr\/de\/#website","url":"https:\/\/www.aera-sa.fr\/de\/","name":"AERA","description":"Solutions de mise sous film et papier","publisher":{"@id":"https:\/\/www.aera-sa.fr\/de\/#organization"},"potentialAction":[{"@type":"SearchAction","target":{"@type":"EntryPoint","urlTemplate":"https:\/\/www.aera-sa.fr\/de\/?s={search_term_string}"},"query-input":{"@type":"PropertyValueSpecification","valueRequired":true,"valueName":"search_term_string"}}],"inLanguage":"de"},{"@type":"Organization","@id":"https:\/\/www.aera-sa.fr\/de\/#organization","name":"AERA","url":"https:\/\/www.aera-sa.fr\/de\/","logo":{"@type":"ImageObject","inLanguage":"de","@id":"https:\/\/www.aera-sa.fr\/de\/#\/schema\/logo\/image\/","url":"https:\/\/www.aera-sa.fr\/wp-content\/uploads\/2021\/09\/logo-aera-miroir.png","contentUrl":"https:\/\/www.aera-sa.fr\/wp-content\/uploads\/2021\/09\/logo-aera-miroir.png","width":177,"height":264,"caption":"AERA"},"image":{"@id":"https:\/\/www.aera-sa.fr\/de\/#\/schema\/logo\/image\/"}}]}},"_links":{"self":[{"href":"https:\/\/www.aera-sa.fr\/de\/wp-json\/wp\/v2\/pages\/10468","targetHints":{"allow":["GET"]}}],"collection":[{"href":"https:\/\/www.aera-sa.fr\/de\/wp-json\/wp\/v2\/pages"}],"about":[{"href":"https:\/\/www.aera-sa.fr\/de\/wp-json\/wp\/v2\/types\/page"}],"author":[{"embeddable":true,"href":"https:\/\/www.aera-sa.fr\/de\/wp-json\/wp\/v2\/users\/1"}],"replies":[{"embeddable":true,"href":"https:\/\/www.aera-sa.fr\/de\/wp-json\/wp\/v2\/comments?post=10468"}],"version-history":[{"count":1,"href":"https:\/\/www.aera-sa.fr\/de\/wp-json\/wp\/v2\/pages\/10468\/revisions"}],"predecessor-version":[{"id":10469,"href":"https:\/\/www.aera-sa.fr\/de\/wp-json\/wp\/v2\/pages\/10468\/revisions\/10469"}],"wp:attachment":[{"href":"https:\/\/www.aera-sa.fr\/de\/wp-json\/wp\/v2\/media?parent=10468"}],"curies":[{"name":"wp","href":"https:\/\/api.w.org\/{rel}","templated":true}]}}