{"id":10215,"date":"2022-06-30T15:46:02","date_gmt":"2022-06-30T13:46:02","guid":{"rendered":"https:\/\/www.aera-sa.fr\/coated-bopp-film\/"},"modified":"2023-02-02T15:46:09","modified_gmt":"2023-02-02T14:46:09","slug":"coated-bopp-film","status":"publish","type":"page","link":"https:\/\/www.aera-sa.fr\/en\/coated-bopp-film\/","title":{"rendered":"Coated BOPP film"},"content":{"rendered":"\t\t<div data-elementor-type=\"wp-page\" data-elementor-id=\"10215\" class=\"elementor elementor-10215\" data-elementor-post-type=\"page\">\n\t\t\t\t\t\t<section class=\"elementor-section elementor-top-section elementor-element elementor-element-7ffdfcc elementor-section-boxed elementor-section-height-default elementor-section-height-default\" data-id=\"7ffdfcc\" data-element_type=\"section\" data-settings=\"{&quot;background_background&quot;:&quot;classic&quot;}\">\n\t\t\t\t\t\t<div class=\"elementor-container elementor-column-gap-default\">\n\t\t\t\t\t<div class=\"elementor-column elementor-col-100 elementor-top-column elementor-element elementor-element-094bb29\" data-id=\"094bb29\" data-element_type=\"column\">\n\t\t\t<div class=\"elementor-widget-wrap elementor-element-populated\">\n\t\t\t\t\t\t<section class=\"elementor-section elementor-inner-section elementor-element elementor-element-5c3ef60 elementor-section-full_width elementor-section-height-default elementor-section-height-default\" data-id=\"5c3ef60\" data-element_type=\"section\">\n\t\t\t\t\t\t<div class=\"elementor-container elementor-column-gap-default\">\n\t\t\t\t\t<div class=\"elementor-column elementor-col-33 elementor-inner-column elementor-element elementor-element-3dda5ba\" data-id=\"3dda5ba\" data-element_type=\"column\">\n\t\t\t<div class=\"elementor-widget-wrap elementor-element-populated\">\n\t\t\t\t\t\t<div class=\"elementor-element elementor-element-06772fc elementor-widget elementor-widget-image\" data-id=\"06772fc\" data-element_type=\"widget\" data-widget_type=\"image.default\">\n\t\t\t\t<div class=\"elementor-widget-container\">\n\t\t\t\t\t\t\t\t\t\t\t\t\t\t\t<img decoding=\"async\" src=\"https:\/\/www.aera-sa.fr\/wp-content\/uploads\/elementor\/thumbs\/machine-8509-retoucheI\u0081e-q02bjrvloj1vcwwl2ai6qns67anp8rjkpyf5x9na9k.jpg\" title=\"machine-8509-retouche\u00cc\u0081e\" alt=\"machine-8509-retouche\u00cc\u0081e\" loading=\"lazy\" \/>\t\t\t\t\t\t\t\t\t\t\t\t\t\t\t<\/div>\n\t\t\t\t<\/div>\n\t\t\t\t\t<\/div>\n\t\t<\/div>\n\t\t\t\t<div class=\"elementor-column elementor-col-66 elementor-inner-column elementor-element elementor-element-698088e\" data-id=\"698088e\" data-element_type=\"column\">\n\t\t\t<div class=\"elementor-widget-wrap elementor-element-populated\">\n\t\t\t\t\t\t<div class=\"elementor-element elementor-element-336ed46 elementor-widget elementor-widget-heading\" data-id=\"336ed46\" data-element_type=\"widget\" data-widget_type=\"heading.default\">\n\t\t\t\t<div class=\"elementor-widget-container\">\n\t\t\t\t\t<h2 class=\"elementor-heading-title elementor-size-default\">Coated BOPP film<\/h2>\t\t\t\t<\/div>\n\t\t\t\t<\/div>\n\t\t\t\t<div class=\"elementor-element elementor-element-a41fa2f elementor-widget elementor-widget-text-editor\" data-id=\"a41fa2f\" data-element_type=\"widget\" data-widget_type=\"text-editor.default\">\n\t\t\t\t<div class=\"elementor-widget-container\">\n\t\t\t\t\t\t\t\t\t<p>Coated films, with improved properties, may offer the best solution for your application. AERA offers a comprehensive range of films with acrylic, LTS, PVDC, metallic and other coatings&#8230;.<\/p>\n<p>These coatings will meet your specifications if you require a very high-speed application or if an oxygen or moisture barrier is needed.<\/p>\n<p>Some references are also available in white.<\/p>\n<p>Sectors of application:<\/p>\n<p>&#8211; Agri-food<\/p>\n<p>&#8211; Pharmaceuticals<\/p>\n<p>&#8211; Cosmetic and personal hygiene products<\/p>\n<p>&#8211; &#8230;<\/p>\n\t\t\t\t\t\t\t\t<\/div>\n\t\t\t\t<\/div>\n\t\t\t\t\t<\/div>\n\t\t<\/div>\n\t\t\t\t\t<\/div>\n\t\t<\/section>\n\t\t\t\t\t<\/div>\n\t\t<\/div>\n\t\t\t\t\t<\/div>\n\t\t<\/section>\n\t\t\t\t<section class=\"elementor-section elementor-top-section elementor-element elementor-element-5e27789 elementor-section-boxed elementor-section-height-default elementor-section-height-default\" data-id=\"5e27789\" data-element_type=\"section\" data-settings=\"{&quot;background_background&quot;:&quot;classic&quot;}\">\n\t\t\t\t\t\t<div class=\"elementor-container elementor-column-gap-default\">\n\t\t\t\t\t<div class=\"elementor-column elementor-col-100 elementor-top-column elementor-element elementor-element-cae58a3\" data-id=\"cae58a3\" data-element_type=\"column\">\n\t\t\t<div class=\"elementor-widget-wrap elementor-element-populated\">\n\t\t\t\t\t\t<section class=\"elementor-section elementor-inner-section elementor-element elementor-element-036c752 elementor-section-full_width elementor-section-height-default elementor-section-height-default\" data-id=\"036c752\" data-element_type=\"section\">\n\t\t\t\t\t\t<div class=\"elementor-container elementor-column-gap-default\">\n\t\t\t\t\t<div class=\"elementor-column elementor-col-66 elementor-inner-column elementor-element elementor-element-a9d184c\" data-id=\"a9d184c\" data-element_type=\"column\">\n\t\t\t<div class=\"elementor-widget-wrap elementor-element-populated\">\n\t\t\t\t\t\t<div class=\"elementor-element elementor-element-a235601 elementor-widget elementor-widget-heading\" data-id=\"a235601\" data-element_type=\"widget\" data-widget_type=\"heading.default\">\n\t\t\t\t<div class=\"elementor-widget-container\">\n\t\t\t\t\t<h2 class=\"elementor-heading-title elementor-size-default\">Formats<\/h2>\t\t\t\t<\/div>\n\t\t\t\t<\/div>\n\t\t\t\t<div class=\"elementor-element elementor-element-2b4b544 elementor-widget elementor-widget-text-editor\" data-id=\"2b4b544\" data-element_type=\"widget\" data-widget_type=\"text-editor.default\">\n\t\t\t\t<div class=\"elementor-widget-container\">\n\t\t\t\t\t\t\t\t\t<p>Please enquire for other formats<\/p>\n<p>Film thickness: from 15 to 50 microns<br>Widths: from 25 to 1500 mm<br>Reel length: in accordance with your specifications and maximum reel weight<br>Diameter: 600 mm maximum<br>Chuck: Diameter 70, 76 or 152 mm<br>Packaging: customised to your specifications<\/p>\n<p>We would be delighted to examine any requests different to the above specifications<\/p>\t\t\t\t\t\t\t\t<\/div>\n\t\t\t\t<\/div>\n\t\t\t\t\t<\/div>\n\t\t<\/div>\n\t\t\t\t<div class=\"elementor-column elementor-col-33 elementor-inner-column elementor-element elementor-element-923ce6a\" data-id=\"923ce6a\" data-element_type=\"column\">\n\t\t\t<div class=\"elementor-widget-wrap elementor-element-populated\">\n\t\t\t\t\t\t<div class=\"elementor-element elementor-element-f6af031 elementor-widget elementor-widget-image\" data-id=\"f6af031\" data-element_type=\"widget\" data-widget_type=\"image.default\">\n\t\t\t\t<div class=\"elementor-widget-container\">\n\t\t\t\t\t\t\t\t\t\t\t\t\t\t\t<img decoding=\"async\" src=\"https:\/\/www.aera-sa.fr\/wp-content\/uploads\/elementor\/thumbs\/machine-8509-retoucheI\u0081e-q02bjrvloj1vcwwl2ai6qns67anp8rjkpyf5x9na9k.jpg\" title=\"machine-8509-retouche\u00cc\u0081e\" alt=\"machine-8509-retouche\u00cc\u0081e\" loading=\"lazy\" \/>\t\t\t\t\t\t\t\t\t\t\t\t\t\t\t<\/div>\n\t\t\t\t<\/div>\n\t\t\t\t\t<\/div>\n\t\t<\/div>\n\t\t\t\t\t<\/div>\n\t\t<\/section>\n\t\t\t\t\t<\/div>\n\t\t<\/div>\n\t\t\t\t\t<\/div>\n\t\t<\/section>\n\t\t\t\t<section class=\"elementor-section elementor-top-section elementor-element elementor-element-cf87ac1 elementor-section-boxed elementor-section-height-default elementor-section-height-default\" data-id=\"cf87ac1\" data-element_type=\"section\" data-settings=\"{&quot;background_background&quot;:&quot;classic&quot;}\">\n\t\t\t\t\t\t<div class=\"elementor-container elementor-column-gap-default\">\n\t\t\t\t\t<div class=\"elementor-column elementor-col-100 elementor-top-column elementor-element elementor-element-c129461\" data-id=\"c129461\" data-element_type=\"column\">\n\t\t\t<div class=\"elementor-widget-wrap elementor-element-populated\">\n\t\t\t\t\t\t<section class=\"elementor-section elementor-inner-section elementor-element elementor-element-7e4216e elementor-section-full_width elementor-section-height-default elementor-section-height-default\" data-id=\"7e4216e\" data-element_type=\"section\">\n\t\t\t\t\t\t<div class=\"elementor-container elementor-column-gap-default\">\n\t\t\t\t\t<div class=\"elementor-column elementor-col-100 elementor-inner-column elementor-element elementor-element-8e16066\" data-id=\"8e16066\" data-element_type=\"column\">\n\t\t\t<div class=\"elementor-widget-wrap elementor-element-populated\">\n\t\t\t\t\t\t<div class=\"elementor-element elementor-element-d9fd385 elementor-widget elementor-widget-heading\" data-id=\"d9fd385\" data-element_type=\"widget\" data-widget_type=\"heading.default\">\n\t\t\t\t<div class=\"elementor-widget-container\">\n\t\t\t\t\t<h2 class=\"elementor-heading-title elementor-size-default\">YOU HAVE AN EQUIRY ?<\/h2>\t\t\t\t<\/div>\n\t\t\t\t<\/div>\n\t\t\t\t<div class=\"elementor-element elementor-element-9026578 elementor-widget elementor-widget-heading\" data-id=\"9026578\" data-element_type=\"widget\" data-widget_type=\"heading.default\">\n\t\t\t\t<div class=\"elementor-widget-container\">\n\t\t\t\t\t<h2 class=\"elementor-heading-title elementor-size-default\">Contact us and we'll work together to find the best packaging for your products.<\/h2>\t\t\t\t<\/div>\n\t\t\t\t<\/div>\n\t\t\t\t<div class=\"elementor-element elementor-element-4514161 elementor-align-right elementor-widget elementor-widget-button\" data-id=\"4514161\" data-element_type=\"widget\" data-widget_type=\"button.default\">\n\t\t\t\t<div class=\"elementor-widget-container\">\n\t\t\t\t\t\t\t\t\t<div class=\"elementor-button-wrapper\">\n\t\t\t\t\t<a class=\"elementor-button elementor-button-link elementor-size-sm\" href=\"https:\/\/www.aera-sa.fr\/contact\/\">\n\t\t\t\t\t\t<span class=\"elementor-button-content-wrapper\">\n\t\t\t\t\t\t\t\t\t<span class=\"elementor-button-text\">Contact us<\/span>\n\t\t\t\t\t<\/span>\n\t\t\t\t\t<\/a>\n\t\t\t\t<\/div>\n\t\t\t\t\t\t\t\t<\/div>\n\t\t\t\t<\/div>\n\t\t\t\t\t<\/div>\n\t\t<\/div>\n\t\t\t\t\t<\/div>\n\t\t<\/section>\n\t\t\t\t\t<\/div>\n\t\t<\/div>\n\t\t\t\t\t<\/div>\n\t\t<\/section>\n\t\t\t\t<section class=\"elementor-section elementor-top-section elementor-element elementor-element-2fe5e2d elementor-section-boxed elementor-section-height-default elementor-section-height-default\" data-id=\"2fe5e2d\" data-element_type=\"section\">\n\t\t\t\t\t\t<div class=\"elementor-container elementor-column-gap-default\">\n\t\t\t\t\t<div class=\"elementor-column elementor-col-100 elementor-top-column elementor-element elementor-element-b445b25\" data-id=\"b445b25\" data-element_type=\"column\">\n\t\t\t<div class=\"elementor-widget-wrap elementor-element-populated\">\n\t\t\t\t\t\t<div class=\"elementor-element elementor-element-ec40dab elementor-widget elementor-widget-heading\" data-id=\"ec40dab\" data-element_type=\"widget\" data-widget_type=\"heading.default\">\n\t\t\t\t<div class=\"elementor-widget-container\">\n\t\t\t\t\t<h2 class=\"elementor-heading-title elementor-size-default\">EXAAMPLE OF PRODUCTS PACKAGED WITH COATED BOPP FILM<\/h2>\t\t\t\t<\/div>\n\t\t\t\t<\/div>\n\t\t\t\t<section class=\"elementor-section elementor-inner-section elementor-element elementor-element-6d4174f elementor-section-full_width elementor-section-height-default elementor-section-height-default\" data-id=\"6d4174f\" data-element_type=\"section\">\n\t\t\t\t\t\t<div class=\"elementor-container elementor-column-gap-extended\">\n\t\t\t\t\t<div class=\"elementor-column elementor-col-25 elementor-inner-column elementor-element elementor-element-dc09623\" data-id=\"dc09623\" data-element_type=\"column\">\n\t\t\t<div class=\"elementor-widget-wrap elementor-element-populated\">\n\t\t\t\t\t\t<div class=\"elementor-element elementor-element-e082a6a elementor-widget elementor-widget-image-box\" data-id=\"e082a6a\" data-element_type=\"widget\" data-widget_type=\"image-box.default\">\n\t\t\t\t<div class=\"elementor-widget-container\">\n\t\t\t\t\t<div class=\"elementor-image-box-wrapper\"><div class=\"elementor-image-box-content\"><h3 class=\"elementor-image-box-title\">???<\/h3><p class=\"elementor-image-box-description\"><br><\/p><\/div><\/div>\t\t\t\t<\/div>\n\t\t\t\t<\/div>\n\t\t\t\t\t<\/div>\n\t\t<\/div>\n\t\t\t\t<div class=\"elementor-column elementor-col-25 elementor-inner-column elementor-element elementor-element-75f94a9\" data-id=\"75f94a9\" data-element_type=\"column\">\n\t\t\t<div class=\"elementor-widget-wrap elementor-element-populated\">\n\t\t\t\t\t\t<div class=\"elementor-element elementor-element-0a51533 elementor-position-top elementor-widget elementor-widget-image-box\" data-id=\"0a51533\" data-element_type=\"widget\" data-widget_type=\"image-box.default\">\n\t\t\t\t<div class=\"elementor-widget-container\">\n\t\t\t\t\t<div class=\"elementor-image-box-wrapper\"><figure class=\"elementor-image-box-img\"><img fetchpriority=\"high\" decoding=\"async\" width=\"960\" height=\"550\" src=\"https:\/\/www.aera-sa.fr\/wp-content\/uploads\/2022\/05\/loreal-product-packaging-2.jpg\" class=\"attachment-full size-full wp-image-9710\" alt=\"Exemple emballage plastique AERA\" srcset=\"https:\/\/www.aera-sa.fr\/wp-content\/uploads\/2022\/05\/loreal-product-packaging-2.jpg 960w, https:\/\/www.aera-sa.fr\/wp-content\/uploads\/2022\/05\/loreal-product-packaging-2-300x172.jpg 300w, https:\/\/www.aera-sa.fr\/wp-content\/uploads\/2022\/05\/loreal-product-packaging-2-768x440.jpg 768w\" sizes=\"(max-width: 960px) 100vw, 960px\" \/><\/figure><div class=\"elementor-image-box-content\"><h3 class=\"elementor-image-box-title\">Skincare products<\/h3><p class=\"elementor-image-box-description\"><br><\/p><\/div><\/div>\t\t\t\t<\/div>\n\t\t\t\t<\/div>\n\t\t\t\t\t<\/div>\n\t\t<\/div>\n\t\t\t\t<div class=\"elementor-column elementor-col-25 elementor-inner-column elementor-element elementor-element-dde8774\" data-id=\"dde8774\" data-element_type=\"column\">\n\t\t\t<div class=\"elementor-widget-wrap elementor-element-populated\">\n\t\t\t\t\t\t<div class=\"elementor-element elementor-element-02f901a elementor-position-top elementor-widget elementor-widget-image-box\" data-id=\"02f901a\" data-element_type=\"widget\" data-widget_type=\"image-box.default\">\n\t\t\t\t<div class=\"elementor-widget-container\">\n\t\t\t\t\t<div class=\"elementor-image-box-wrapper\"><figure class=\"elementor-image-box-img\"><img decoding=\"async\" width=\"1700\" height=\"1336\" src=\"https:\/\/www.aera-sa.fr\/wp-content\/uploads\/2022\/05\/s-l1000-V4.jpg\" class=\"attachment-full size-full wp-image-9712\" alt=\"Exemple d&#039;emballage plastique AERA\" srcset=\"https:\/\/www.aera-sa.fr\/wp-content\/uploads\/2022\/05\/s-l1000-V4.jpg 1700w, https:\/\/www.aera-sa.fr\/wp-content\/uploads\/2022\/05\/s-l1000-V4-300x236.jpg 300w, https:\/\/www.aera-sa.fr\/wp-content\/uploads\/2022\/05\/s-l1000-V4-1024x805.jpg 1024w, https:\/\/www.aera-sa.fr\/wp-content\/uploads\/2022\/05\/s-l1000-V4-768x604.jpg 768w, https:\/\/www.aera-sa.fr\/wp-content\/uploads\/2022\/05\/s-l1000-V4-1536x1207.jpg 1536w\" sizes=\"(max-width: 1700px) 100vw, 1700px\" \/><\/figure><div class=\"elementor-image-box-content\"><h3 class=\"elementor-image-box-title\">Perfume<\/h3><p class=\"elementor-image-box-description\"><br><\/p><\/div><\/div>\t\t\t\t<\/div>\n\t\t\t\t<\/div>\n\t\t\t\t\t<\/div>\n\t\t<\/div>\n\t\t\t\t<div class=\"elementor-column elementor-col-25 elementor-inner-column elementor-element elementor-element-32667fd\" data-id=\"32667fd\" data-element_type=\"column\">\n\t\t\t<div class=\"elementor-widget-wrap elementor-element-populated\">\n\t\t\t\t\t\t<div class=\"elementor-element elementor-element-ffa30d9 elementor-widget elementor-widget-image-box\" data-id=\"ffa30d9\" data-element_type=\"widget\" data-widget_type=\"image-box.default\">\n\t\t\t\t<div class=\"elementor-widget-container\">\n\t\t\t\t\t<div class=\"elementor-image-box-wrapper\"><div class=\"elementor-image-box-content\"><h3 class=\"elementor-image-box-title\">??<\/h3><p class=\"elementor-image-box-description\"><br><\/p><\/div><\/div>\t\t\t\t<\/div>\n\t\t\t\t<\/div>\n\t\t\t\t\t<\/div>\n\t\t<\/div>\n\t\t\t\t\t<\/div>\n\t\t<\/section>\n\t\t\t\t\t<\/div>\n\t\t<\/div>\n\t\t\t\t\t<\/div>\n\t\t<\/section>\n\t\t\t\t<\/div>\n\t\t","protected":false},"excerpt":{"rendered":"<p>Coated BOPP film Coated films, with improved properties, may offer the best solution for your application. AERA offers a comprehensive range of films with acrylic, LTS, PVDC, metallic and other coatings&#8230;. These coatings will meet your specifications if you require a very high-speed application or if an oxygen or moisture barrier is needed. Some references [&hellip;]<\/p>\n","protected":false},"author":1,"featured_media":9906,"parent":0,"menu_order":0,"comment_status":"closed","ping_status":"closed","template":"","meta":{"inline_featured_image":false,"footnotes":""},"class_list":["post-10215","page","type-page","status-publish","has-post-thumbnail","hentry"],"yoast_head":"<!-- This site is optimized with the Yoast SEO plugin v25.6 - https:\/\/yoast.com\/wordpress\/plugins\/seo\/ -->\n<title>Coated BOPP film - AERA<\/title>\n<meta name=\"robots\" content=\"index, follow, max-snippet:-1, max-image-preview:large, max-video-preview:-1\" \/>\n<link rel=\"canonical\" href=\"https:\/\/www.aera-sa.fr\/en\/coated-bopp-film\/\" \/>\n<meta property=\"og:locale\" content=\"en_US\" \/>\n<meta property=\"og:type\" content=\"article\" \/>\n<meta property=\"og:title\" content=\"Coated BOPP film - AERA\" \/>\n<meta property=\"og:description\" content=\"Coated BOPP film Coated films, with improved properties, may offer the best solution for your application. AERA offers a comprehensive range of films with acrylic, LTS, PVDC, metallic and other coatings&#8230;. These coatings will meet your specifications if you require a very high-speed application or if an oxygen or moisture barrier is needed. Some references [&hellip;]\" \/>\n<meta property=\"og:url\" content=\"https:\/\/www.aera-sa.fr\/en\/coated-bopp-film\/\" \/>\n<meta property=\"og:site_name\" content=\"AERA\" \/>\n<meta property=\"article:modified_time\" content=\"2023-02-02T14:46:09+00:00\" \/>\n<meta property=\"og:image\" content=\"https:\/\/www.aera-sa.fr\/wp-content\/uploads\/2022\/07\/AIRDIASOL_DSC_9613.jpg\" \/>\n\t<meta property=\"og:image:width\" content=\"900\" \/>\n\t<meta property=\"og:image:height\" content=\"599\" \/>\n\t<meta property=\"og:image:type\" content=\"image\/jpeg\" \/>\n<meta name=\"twitter:card\" content=\"summary_large_image\" \/>\n<meta name=\"twitter:label1\" content=\"Est. reading time\" \/>\n\t<meta name=\"twitter:data1\" content=\"1 minute\" \/>\n<script type=\"application\/ld+json\" class=\"yoast-schema-graph\">{\"@context\":\"https:\/\/schema.org\",\"@graph\":[{\"@type\":\"WebPage\",\"@id\":\"https:\/\/www.aera-sa.fr\/en\/coated-bopp-film\/\",\"url\":\"https:\/\/www.aera-sa.fr\/en\/coated-bopp-film\/\",\"name\":\"Coated BOPP film - AERA\",\"isPartOf\":{\"@id\":\"https:\/\/www.aera-sa.fr\/en\/#website\"},\"primaryImageOfPage\":{\"@id\":\"https:\/\/www.aera-sa.fr\/en\/coated-bopp-film\/#primaryimage\"},\"image\":{\"@id\":\"https:\/\/www.aera-sa.fr\/en\/coated-bopp-film\/#primaryimage\"},\"thumbnailUrl\":\"https:\/\/www.aera-sa.fr\/wp-content\/uploads\/2022\/07\/AIRDIASOL_DSC_9613.jpg\",\"datePublished\":\"2022-06-30T13:46:02+00:00\",\"dateModified\":\"2023-02-02T14:46:09+00:00\",\"breadcrumb\":{\"@id\":\"https:\/\/www.aera-sa.fr\/en\/coated-bopp-film\/#breadcrumb\"},\"inLanguage\":\"en-US\",\"potentialAction\":[{\"@type\":\"ReadAction\",\"target\":[\"https:\/\/www.aera-sa.fr\/en\/coated-bopp-film\/\"]}]},{\"@type\":\"ImageObject\",\"inLanguage\":\"en-US\",\"@id\":\"https:\/\/www.aera-sa.fr\/en\/coated-bopp-film\/#primaryimage\",\"url\":\"https:\/\/www.aera-sa.fr\/wp-content\/uploads\/2022\/07\/AIRDIASOL_DSC_9613.jpg\",\"contentUrl\":\"https:\/\/www.aera-sa.fr\/wp-content\/uploads\/2022\/07\/AIRDIASOL_DSC_9613.jpg\",\"width\":900,\"height\":599,\"caption\":\"Les batiments \u00e0 Bouxwiller de la soci\u00e9t\u00e9 AERA\"},{\"@type\":\"BreadcrumbList\",\"@id\":\"https:\/\/www.aera-sa.fr\/en\/coated-bopp-film\/#breadcrumb\",\"itemListElement\":[{\"@type\":\"ListItem\",\"position\":1,\"name\":\"Accueil\",\"item\":\"https:\/\/www.aera-sa.fr\/en\/home\/\"},{\"@type\":\"ListItem\",\"position\":2,\"name\":\"Coated BOPP film\"}]},{\"@type\":\"WebSite\",\"@id\":\"https:\/\/www.aera-sa.fr\/en\/#website\",\"url\":\"https:\/\/www.aera-sa.fr\/en\/\",\"name\":\"AERA\",\"description\":\"Solutions de mise sous film et papier\",\"publisher\":{\"@id\":\"https:\/\/www.aera-sa.fr\/en\/#organization\"},\"potentialAction\":[{\"@type\":\"SearchAction\",\"target\":{\"@type\":\"EntryPoint\",\"urlTemplate\":\"https:\/\/www.aera-sa.fr\/en\/?s={search_term_string}\"},\"query-input\":{\"@type\":\"PropertyValueSpecification\",\"valueRequired\":true,\"valueName\":\"search_term_string\"}}],\"inLanguage\":\"en-US\"},{\"@type\":\"Organization\",\"@id\":\"https:\/\/www.aera-sa.fr\/en\/#organization\",\"name\":\"AERA\",\"url\":\"https:\/\/www.aera-sa.fr\/en\/\",\"logo\":{\"@type\":\"ImageObject\",\"inLanguage\":\"en-US\",\"@id\":\"https:\/\/www.aera-sa.fr\/en\/#\/schema\/logo\/image\/\",\"url\":\"https:\/\/www.aera-sa.fr\/wp-content\/uploads\/2021\/09\/logo-aera-miroir.png\",\"contentUrl\":\"https:\/\/www.aera-sa.fr\/wp-content\/uploads\/2021\/09\/logo-aera-miroir.png\",\"width\":177,\"height\":264,\"caption\":\"AERA\"},\"image\":{\"@id\":\"https:\/\/www.aera-sa.fr\/en\/#\/schema\/logo\/image\/\"}}]}<\/script>\n<!-- \/ Yoast SEO plugin. -->","yoast_head_json":{"title":"Coated BOPP film - AERA","robots":{"index":"index","follow":"follow","max-snippet":"max-snippet:-1","max-image-preview":"max-image-preview:large","max-video-preview":"max-video-preview:-1"},"canonical":"https:\/\/www.aera-sa.fr\/en\/coated-bopp-film\/","og_locale":"en_US","og_type":"article","og_title":"Coated BOPP film - AERA","og_description":"Coated BOPP film Coated films, with improved properties, may offer the best solution for your application. AERA offers a comprehensive range of films with acrylic, LTS, PVDC, metallic and other coatings&#8230;. These coatings will meet your specifications if you require a very high-speed application or if an oxygen or moisture barrier is needed. Some references [&hellip;]","og_url":"https:\/\/www.aera-sa.fr\/en\/coated-bopp-film\/","og_site_name":"AERA","article_modified_time":"2023-02-02T14:46:09+00:00","og_image":[{"width":900,"height":599,"url":"https:\/\/www.aera-sa.fr\/wp-content\/uploads\/2022\/07\/AIRDIASOL_DSC_9613.jpg","type":"image\/jpeg"}],"twitter_card":"summary_large_image","twitter_misc":{"Est. reading time":"1 minute"},"schema":{"@context":"https:\/\/schema.org","@graph":[{"@type":"WebPage","@id":"https:\/\/www.aera-sa.fr\/en\/coated-bopp-film\/","url":"https:\/\/www.aera-sa.fr\/en\/coated-bopp-film\/","name":"Coated BOPP film - AERA","isPartOf":{"@id":"https:\/\/www.aera-sa.fr\/en\/#website"},"primaryImageOfPage":{"@id":"https:\/\/www.aera-sa.fr\/en\/coated-bopp-film\/#primaryimage"},"image":{"@id":"https:\/\/www.aera-sa.fr\/en\/coated-bopp-film\/#primaryimage"},"thumbnailUrl":"https:\/\/www.aera-sa.fr\/wp-content\/uploads\/2022\/07\/AIRDIASOL_DSC_9613.jpg","datePublished":"2022-06-30T13:46:02+00:00","dateModified":"2023-02-02T14:46:09+00:00","breadcrumb":{"@id":"https:\/\/www.aera-sa.fr\/en\/coated-bopp-film\/#breadcrumb"},"inLanguage":"en-US","potentialAction":[{"@type":"ReadAction","target":["https:\/\/www.aera-sa.fr\/en\/coated-bopp-film\/"]}]},{"@type":"ImageObject","inLanguage":"en-US","@id":"https:\/\/www.aera-sa.fr\/en\/coated-bopp-film\/#primaryimage","url":"https:\/\/www.aera-sa.fr\/wp-content\/uploads\/2022\/07\/AIRDIASOL_DSC_9613.jpg","contentUrl":"https:\/\/www.aera-sa.fr\/wp-content\/uploads\/2022\/07\/AIRDIASOL_DSC_9613.jpg","width":900,"height":599,"caption":"Les batiments \u00e0 Bouxwiller de la soci\u00e9t\u00e9 AERA"},{"@type":"BreadcrumbList","@id":"https:\/\/www.aera-sa.fr\/en\/coated-bopp-film\/#breadcrumb","itemListElement":[{"@type":"ListItem","position":1,"name":"Accueil","item":"https:\/\/www.aera-sa.fr\/en\/home\/"},{"@type":"ListItem","position":2,"name":"Coated BOPP film"}]},{"@type":"WebSite","@id":"https:\/\/www.aera-sa.fr\/en\/#website","url":"https:\/\/www.aera-sa.fr\/en\/","name":"AERA","description":"Solutions de mise sous film et papier","publisher":{"@id":"https:\/\/www.aera-sa.fr\/en\/#organization"},"potentialAction":[{"@type":"SearchAction","target":{"@type":"EntryPoint","urlTemplate":"https:\/\/www.aera-sa.fr\/en\/?s={search_term_string}"},"query-input":{"@type":"PropertyValueSpecification","valueRequired":true,"valueName":"search_term_string"}}],"inLanguage":"en-US"},{"@type":"Organization","@id":"https:\/\/www.aera-sa.fr\/en\/#organization","name":"AERA","url":"https:\/\/www.aera-sa.fr\/en\/","logo":{"@type":"ImageObject","inLanguage":"en-US","@id":"https:\/\/www.aera-sa.fr\/en\/#\/schema\/logo\/image\/","url":"https:\/\/www.aera-sa.fr\/wp-content\/uploads\/2021\/09\/logo-aera-miroir.png","contentUrl":"https:\/\/www.aera-sa.fr\/wp-content\/uploads\/2021\/09\/logo-aera-miroir.png","width":177,"height":264,"caption":"AERA"},"image":{"@id":"https:\/\/www.aera-sa.fr\/en\/#\/schema\/logo\/image\/"}}]}},"_links":{"self":[{"href":"https:\/\/www.aera-sa.fr\/en\/wp-json\/wp\/v2\/pages\/10215","targetHints":{"allow":["GET"]}}],"collection":[{"href":"https:\/\/www.aera-sa.fr\/en\/wp-json\/wp\/v2\/pages"}],"about":[{"href":"https:\/\/www.aera-sa.fr\/en\/wp-json\/wp\/v2\/types\/page"}],"author":[{"embeddable":true,"href":"https:\/\/www.aera-sa.fr\/en\/wp-json\/wp\/v2\/users\/1"}],"replies":[{"embeddable":true,"href":"https:\/\/www.aera-sa.fr\/en\/wp-json\/wp\/v2\/comments?post=10215"}],"version-history":[{"count":1,"href":"https:\/\/www.aera-sa.fr\/en\/wp-json\/wp\/v2\/pages\/10215\/revisions"}],"predecessor-version":[{"id":10216,"href":"https:\/\/www.aera-sa.fr\/en\/wp-json\/wp\/v2\/pages\/10215\/revisions\/10216"}],"wp:featuredmedia":[{"embeddable":true,"href":"https:\/\/www.aera-sa.fr\/en\/wp-json\/wp\/v2\/media\/9906"}],"wp:attachment":[{"href":"https:\/\/www.aera-sa.fr\/en\/wp-json\/wp\/v2\/media?parent=10215"}],"curies":[{"name":"wp","href":"https:\/\/api.w.org\/{rel}","templated":true}]}}