{"id":10217,"date":"2022-08-18T11:06:03","date_gmt":"2022-08-18T09:06:03","guid":{"rendered":"https:\/\/www.aera-sa.fr\/pvdc-free-barrier-film\/"},"modified":"2023-02-02T15:50:29","modified_gmt":"2023-02-02T14:50:29","slug":"pvdc-free-barrier-film","status":"publish","type":"page","link":"https:\/\/www.aera-sa.fr\/en\/pvdc-free-barrier-film\/","title":{"rendered":"PVDC free barrier film"},"content":{"rendered":"\t\t<div data-elementor-type=\"wp-page\" data-elementor-id=\"10217\" class=\"elementor elementor-10217 elementor-5482\" data-elementor-post-type=\"page\">\n\t\t\t\t\t\t<section class=\"elementor-section elementor-top-section elementor-element elementor-element-7ffdfcc elementor-section-boxed elementor-section-height-default elementor-section-height-default\" data-id=\"7ffdfcc\" data-element_type=\"section\" data-settings=\"{&quot;background_background&quot;:&quot;classic&quot;}\">\n\t\t\t\t\t\t<div class=\"elementor-container elementor-column-gap-default\">\n\t\t\t\t\t<div class=\"elementor-column elementor-col-100 elementor-top-column elementor-element elementor-element-094bb29\" data-id=\"094bb29\" data-element_type=\"column\">\n\t\t\t<div class=\"elementor-widget-wrap elementor-element-populated\">\n\t\t\t\t\t\t<section class=\"elementor-section elementor-inner-section elementor-element elementor-element-5c3ef60 elementor-section-full_width elementor-section-height-default elementor-section-height-default\" data-id=\"5c3ef60\" data-element_type=\"section\">\n\t\t\t\t\t\t<div class=\"elementor-container elementor-column-gap-default\">\n\t\t\t\t\t<div class=\"elementor-column elementor-col-33 elementor-inner-column elementor-element elementor-element-3dda5ba\" data-id=\"3dda5ba\" data-element_type=\"column\">\n\t\t\t<div class=\"elementor-widget-wrap elementor-element-populated\">\n\t\t\t\t\t\t<div class=\"elementor-element elementor-element-06772fc elementor-widget elementor-widget-image\" data-id=\"06772fc\" data-element_type=\"widget\" data-widget_type=\"image.default\">\n\t\t\t\t<div class=\"elementor-widget-container\">\n\t\t\t\t\t\t\t\t\t\t\t\t\t\t\t<img decoding=\"async\" src=\"https:\/\/www.aera-sa.fr\/wp-content\/uploads\/elementor\/thumbs\/machine-8509-retoucheI\u0081e-q02bjrvloj1vcwwl2ai6qns67anp8rjkpyf5x9na9k.jpg\" title=\"machine-8509-retouche\u00cc\u0081e\" alt=\"machine-8509-retouche\u00cc\u0081e\" loading=\"lazy\" \/>\t\t\t\t\t\t\t\t\t\t\t\t\t\t\t<\/div>\n\t\t\t\t<\/div>\n\t\t\t\t\t<\/div>\n\t\t<\/div>\n\t\t\t\t<div class=\"elementor-column elementor-col-66 elementor-inner-column elementor-element elementor-element-698088e\" data-id=\"698088e\" data-element_type=\"column\">\n\t\t\t<div class=\"elementor-widget-wrap elementor-element-populated\">\n\t\t\t\t\t\t<div class=\"elementor-element elementor-element-336ed46 elementor-widget elementor-widget-heading\" data-id=\"336ed46\" data-element_type=\"widget\" data-widget_type=\"heading.default\">\n\t\t\t\t<div class=\"elementor-widget-container\">\n\t\t\t\t\t<h2 class=\"elementor-heading-title elementor-size-default\">PVDC free barrier film<\/h2>\t\t\t\t<\/div>\n\t\t\t\t<\/div>\n\t\t\t\t<div class=\"elementor-element elementor-element-a41fa2f elementor-widget elementor-widget-text-editor\" data-id=\"a41fa2f\" data-element_type=\"widget\" data-widget_type=\"text-editor.default\">\n\t\t\t\t<div class=\"elementor-widget-container\">\n\t\t\t\t\t\t\t\t\t<p>We offer a full range of films offering the benefits of BOPP allied with the properties of coated films \u2013 innovative solutions with increased recyclability.<\/p>\n<p>These films can offer a highly efficient barrier against gas, humidity, odours and mineral oils, while maintaining their low-threshold sealing properties.<\/p>\n\t\t\t\t\t\t\t\t<\/div>\n\t\t\t\t<\/div>\n\t\t\t\t\t<\/div>\n\t\t<\/div>\n\t\t\t\t\t<\/div>\n\t\t<\/section>\n\t\t\t\t\t<\/div>\n\t\t<\/div>\n\t\t\t\t\t<\/div>\n\t\t<\/section>\n\t\t\t\t<section class=\"elementor-section elementor-top-section elementor-element elementor-element-71f65ef elementor-section-boxed elementor-section-height-default elementor-section-height-default\" data-id=\"71f65ef\" data-element_type=\"section\" data-settings=\"{&quot;background_background&quot;:&quot;classic&quot;}\">\n\t\t\t\t\t\t<div class=\"elementor-container elementor-column-gap-default\">\n\t\t\t\t\t<div class=\"elementor-column elementor-col-100 elementor-top-column elementor-element elementor-element-d9f07e1\" data-id=\"d9f07e1\" data-element_type=\"column\">\n\t\t\t<div class=\"elementor-widget-wrap elementor-element-populated\">\n\t\t\t\t\t\t<section class=\"elementor-section elementor-inner-section elementor-element elementor-element-3613d53 elementor-section-full_width elementor-section-height-default elementor-section-height-default\" data-id=\"3613d53\" data-element_type=\"section\">\n\t\t\t\t\t\t<div class=\"elementor-container elementor-column-gap-default\">\n\t\t\t\t\t<div class=\"elementor-column elementor-col-66 elementor-inner-column elementor-element elementor-element-6e165f0\" data-id=\"6e165f0\" data-element_type=\"column\">\n\t\t\t<div class=\"elementor-widget-wrap elementor-element-populated\">\n\t\t\t\t\t\t<div class=\"elementor-element elementor-element-70abc65 elementor-widget elementor-widget-heading\" data-id=\"70abc65\" data-element_type=\"widget\" data-widget_type=\"heading.default\">\n\t\t\t\t<div class=\"elementor-widget-container\">\n\t\t\t\t\t<h2 class=\"elementor-heading-title elementor-size-default\">Formats<\/h2>\t\t\t\t<\/div>\n\t\t\t\t<\/div>\n\t\t\t\t<div class=\"elementor-element elementor-element-abb5496 elementor-widget elementor-widget-text-editor\" data-id=\"abb5496\" data-element_type=\"widget\" data-widget_type=\"text-editor.default\">\n\t\t\t\t<div class=\"elementor-widget-container\">\n\t\t\t\t\t\t\t\t\t<p>Please enquire for other formats<\/p>\n<p>Film thickness: from 15 to 50 microns<br>Widths: from 25 to 1500 mm<br>Reel length: in accordance with your specifications and maximum reel weight<br>Diameter: 600 mm maximum<br>Chuck: Diameter 70, 76 or 152 mm<br>Packaging: customised to your specifications<\/p>\n<p>We would be delighted to examine any requests different to the above specifications<\/p>\t\t\t\t\t\t\t\t<\/div>\n\t\t\t\t<\/div>\n\t\t\t\t\t<\/div>\n\t\t<\/div>\n\t\t\t\t<div class=\"elementor-column elementor-col-33 elementor-inner-column elementor-element elementor-element-9e8e98d\" data-id=\"9e8e98d\" data-element_type=\"column\">\n\t\t\t<div class=\"elementor-widget-wrap elementor-element-populated\">\n\t\t\t\t\t\t<div class=\"elementor-element elementor-element-2be899d elementor-widget elementor-widget-image\" data-id=\"2be899d\" data-element_type=\"widget\" data-widget_type=\"image.default\">\n\t\t\t\t<div class=\"elementor-widget-container\">\n\t\t\t\t\t\t\t\t\t\t\t\t\t\t\t<img decoding=\"async\" src=\"https:\/\/www.aera-sa.fr\/wp-content\/uploads\/elementor\/thumbs\/machine-8509-retoucheI\u0081e-q02bjrvloj1vcwwl2ai6qns67anp8rjkpyf5x9na9k.jpg\" title=\"machine-8509-retouche\u00cc\u0081e\" alt=\"machine-8509-retouche\u00cc\u0081e\" loading=\"lazy\" \/>\t\t\t\t\t\t\t\t\t\t\t\t\t\t\t<\/div>\n\t\t\t\t<\/div>\n\t\t\t\t\t<\/div>\n\t\t<\/div>\n\t\t\t\t\t<\/div>\n\t\t<\/section>\n\t\t\t\t\t<\/div>\n\t\t<\/div>\n\t\t\t\t\t<\/div>\n\t\t<\/section>\n\t\t\t\t<section class=\"elementor-section elementor-top-section elementor-element elementor-element-223ebce elementor-section-boxed elementor-section-height-default elementor-section-height-default\" data-id=\"223ebce\" data-element_type=\"section\" data-settings=\"{&quot;background_background&quot;:&quot;classic&quot;}\">\n\t\t\t\t\t\t<div class=\"elementor-container elementor-column-gap-default\">\n\t\t\t\t\t<div class=\"elementor-column elementor-col-100 elementor-top-column elementor-element elementor-element-1592e8d\" data-id=\"1592e8d\" data-element_type=\"column\">\n\t\t\t<div class=\"elementor-widget-wrap elementor-element-populated\">\n\t\t\t\t\t\t<section class=\"elementor-section elementor-inner-section elementor-element elementor-element-243a7a2 elementor-section-full_width elementor-section-height-default elementor-section-height-default\" data-id=\"243a7a2\" data-element_type=\"section\">\n\t\t\t\t\t\t<div class=\"elementor-container elementor-column-gap-default\">\n\t\t\t\t\t<div class=\"elementor-column elementor-col-100 elementor-inner-column elementor-element elementor-element-498d30f\" data-id=\"498d30f\" data-element_type=\"column\">\n\t\t\t<div class=\"elementor-widget-wrap elementor-element-populated\">\n\t\t\t\t\t\t<div class=\"elementor-element elementor-element-374f92b elementor-widget elementor-widget-heading\" data-id=\"374f92b\" data-element_type=\"widget\" data-widget_type=\"heading.default\">\n\t\t\t\t<div class=\"elementor-widget-container\">\n\t\t\t\t\t<h2 class=\"elementor-heading-title elementor-size-default\">YOU HAVE AN EQUIRY ?<\/h2>\t\t\t\t<\/div>\n\t\t\t\t<\/div>\n\t\t\t\t<div class=\"elementor-element elementor-element-d9a8b14 elementor-widget elementor-widget-heading\" data-id=\"d9a8b14\" data-element_type=\"widget\" data-widget_type=\"heading.default\">\n\t\t\t\t<div class=\"elementor-widget-container\">\n\t\t\t\t\t<h2 class=\"elementor-heading-title elementor-size-default\">Contact us and we'll work together to find the best packaging for your products.<\/h2>\t\t\t\t<\/div>\n\t\t\t\t<\/div>\n\t\t\t\t<div class=\"elementor-element elementor-element-1f9a2fe elementor-align-right elementor-widget elementor-widget-button\" data-id=\"1f9a2fe\" data-element_type=\"widget\" data-widget_type=\"button.default\">\n\t\t\t\t<div class=\"elementor-widget-container\">\n\t\t\t\t\t\t\t\t\t<div class=\"elementor-button-wrapper\">\n\t\t\t\t\t<a class=\"elementor-button elementor-button-link elementor-size-sm\" href=\"https:\/\/www.aera-sa.fr\/contact\/\">\n\t\t\t\t\t\t<span class=\"elementor-button-content-wrapper\">\n\t\t\t\t\t\t\t\t\t<span class=\"elementor-button-text\">Contact us<\/span>\n\t\t\t\t\t<\/span>\n\t\t\t\t\t<\/a>\n\t\t\t\t<\/div>\n\t\t\t\t\t\t\t\t<\/div>\n\t\t\t\t<\/div>\n\t\t\t\t\t<\/div>\n\t\t<\/div>\n\t\t\t\t\t<\/div>\n\t\t<\/section>\n\t\t\t\t\t<\/div>\n\t\t<\/div>\n\t\t\t\t\t<\/div>\n\t\t<\/section>\n\t\t\t\t<section class=\"elementor-section elementor-top-section elementor-element elementor-element-2fe5e2d elementor-section-boxed elementor-section-height-default elementor-section-height-default\" data-id=\"2fe5e2d\" data-element_type=\"section\">\n\t\t\t\t\t\t<div class=\"elementor-container elementor-column-gap-default\">\n\t\t\t\t\t<div class=\"elementor-column elementor-col-100 elementor-top-column elementor-element elementor-element-b445b25\" data-id=\"b445b25\" data-element_type=\"column\">\n\t\t\t<div class=\"elementor-widget-wrap elementor-element-populated\">\n\t\t\t\t\t\t<div class=\"elementor-element elementor-element-ec40dab elementor-widget elementor-widget-heading\" data-id=\"ec40dab\" data-element_type=\"widget\" data-widget_type=\"heading.default\">\n\t\t\t\t<div class=\"elementor-widget-container\">\n\t\t\t\t\t<h2 class=\"elementor-heading-title elementor-size-default\">EXAMPLE OF PRODUCTS PACKAGED WITH PVDC FREE BARRIER FILM<\/h2>\t\t\t\t<\/div>\n\t\t\t\t<\/div>\n\t\t\t\t<section class=\"elementor-section elementor-inner-section elementor-element elementor-element-6d4174f elementor-section-full_width elementor-section-height-default elementor-section-height-default\" data-id=\"6d4174f\" data-element_type=\"section\">\n\t\t\t\t\t\t<div class=\"elementor-container elementor-column-gap-extended\">\n\t\t\t\t\t<div class=\"elementor-column elementor-col-25 elementor-inner-column elementor-element elementor-element-dc09623\" data-id=\"dc09623\" data-element_type=\"column\">\n\t\t\t<div class=\"elementor-widget-wrap elementor-element-populated\">\n\t\t\t\t\t\t<div class=\"elementor-element elementor-element-e082a6a elementor-position-top elementor-widget elementor-widget-image-box\" data-id=\"e082a6a\" data-element_type=\"widget\" data-widget_type=\"image-box.default\">\n\t\t\t\t<div class=\"elementor-widget-container\">\n\t\t\t\t\t<div class=\"elementor-image-box-wrapper\"><figure class=\"elementor-image-box-img\"><img fetchpriority=\"high\" decoding=\"async\" width=\"1000\" height=\"750\" src=\"https:\/\/www.aera-sa.fr\/wp-content\/uploads\/2021\/11\/Film-retractable.jpg\" class=\"attachment-full size-full wp-image-9480\" alt=\"Film r\u00e9tractable POFF \nFruits\/l\u00e9gumes\" srcset=\"https:\/\/www.aera-sa.fr\/wp-content\/uploads\/2021\/11\/Film-retractable.jpg 1000w, https:\/\/www.aera-sa.fr\/wp-content\/uploads\/2021\/11\/Film-retractable-300x225.jpg 300w, https:\/\/www.aera-sa.fr\/wp-content\/uploads\/2021\/11\/Film-retractable-768x576.jpg 768w\" sizes=\"(max-width: 1000px) 100vw, 1000px\" \/><\/figure><div class=\"elementor-image-box-content\"><h3 class=\"elementor-image-box-title\">Fruits<\/h3><p class=\"elementor-image-box-description\"><br><\/p><\/div><\/div>\t\t\t\t<\/div>\n\t\t\t\t<\/div>\n\t\t\t\t\t<\/div>\n\t\t<\/div>\n\t\t\t\t<div class=\"elementor-column elementor-col-25 elementor-inner-column elementor-element elementor-element-75f94a9\" data-id=\"75f94a9\" data-element_type=\"column\">\n\t\t\t<div class=\"elementor-widget-wrap elementor-element-populated\">\n\t\t\t\t\t\t<div class=\"elementor-element elementor-element-0a51533 elementor-position-top elementor-widget elementor-widget-image-box\" data-id=\"0a51533\" data-element_type=\"widget\" data-widget_type=\"image-box.default\">\n\t\t\t\t<div class=\"elementor-widget-container\">\n\t\t\t\t\t<div class=\"elementor-image-box-wrapper\"><figure class=\"elementor-image-box-img\"><img decoding=\"async\" width=\"640\" height=\"427\" src=\"https:\/\/www.aera-sa.fr\/wp-content\/uploads\/2021\/11\/Film-plastique.jpg\" class=\"attachment-full size-full wp-image-9476\" alt=\"Film BOPP\" srcset=\"https:\/\/www.aera-sa.fr\/wp-content\/uploads\/2021\/11\/Film-plastique.jpg 640w, https:\/\/www.aera-sa.fr\/wp-content\/uploads\/2021\/11\/Film-plastique-300x200.jpg 300w\" sizes=\"(max-width: 640px) 100vw, 640px\" \/><\/figure><div class=\"elementor-image-box-content\"><h3 class=\"elementor-image-box-title\">Vegetables<\/h3><p class=\"elementor-image-box-description\"><br><\/p><\/div><\/div>\t\t\t\t<\/div>\n\t\t\t\t<\/div>\n\t\t\t\t\t<\/div>\n\t\t<\/div>\n\t\t\t\t<div class=\"elementor-column elementor-col-25 elementor-inner-column elementor-element elementor-element-dde8774\" data-id=\"dde8774\" data-element_type=\"column\">\n\t\t\t<div class=\"elementor-widget-wrap elementor-element-populated\">\n\t\t\t\t\t\t<div class=\"elementor-element elementor-element-02f901a elementor-position-top elementor-widget elementor-widget-image-box\" data-id=\"02f901a\" data-element_type=\"widget\" data-widget_type=\"image-box.default\">\n\t\t\t\t<div class=\"elementor-widget-container\">\n\t\t\t\t\t<div class=\"elementor-image-box-wrapper\"><figure class=\"elementor-image-box-img\"><img decoding=\"async\" width=\"1824\" height=\"1319\" src=\"https:\/\/www.aera-sa.fr\/wp-content\/uploads\/2021\/11\/Film-microperfore.jpg\" class=\"attachment-full size-full wp-image-9472\" alt=\"Film microperfor\u00e9\" srcset=\"https:\/\/www.aera-sa.fr\/wp-content\/uploads\/2021\/11\/Film-microperfore.jpg 1824w, https:\/\/www.aera-sa.fr\/wp-content\/uploads\/2021\/11\/Film-microperfore-300x217.jpg 300w, https:\/\/www.aera-sa.fr\/wp-content\/uploads\/2021\/11\/Film-microperfore-1024x740.jpg 1024w, https:\/\/www.aera-sa.fr\/wp-content\/uploads\/2021\/11\/Film-microperfore-768x555.jpg 768w, https:\/\/www.aera-sa.fr\/wp-content\/uploads\/2021\/11\/Film-microperfore-1536x1111.jpg 1536w\" sizes=\"(max-width: 1824px) 100vw, 1824px\" \/><\/figure><div class=\"elementor-image-box-content\"><h3 class=\"elementor-image-box-title\">Bread<\/h3><p class=\"elementor-image-box-description\"><br><\/p><\/div><\/div>\t\t\t\t<\/div>\n\t\t\t\t<\/div>\n\t\t\t\t\t<\/div>\n\t\t<\/div>\n\t\t\t\t<div class=\"elementor-column elementor-col-25 elementor-inner-column elementor-element elementor-element-32667fd\" data-id=\"32667fd\" data-element_type=\"column\">\n\t\t\t<div class=\"elementor-widget-wrap elementor-element-populated\">\n\t\t\t\t\t\t<div class=\"elementor-element elementor-element-ffa30d9 elementor-position-top elementor-widget elementor-widget-image-box\" data-id=\"ffa30d9\" data-element_type=\"widget\" data-widget_type=\"image-box.default\">\n\t\t\t\t<div class=\"elementor-widget-container\">\n\t\t\t\t\t<div class=\"elementor-image-box-wrapper\"><figure class=\"elementor-image-box-img\"><img loading=\"lazy\" decoding=\"async\" width=\"2560\" height=\"1707\" src=\"https:\/\/www.aera-sa.fr\/wp-content\/uploads\/2022\/03\/Gateaux-et-biscuits-scaled.jpg\" class=\"attachment-full size-full wp-image-9546\" alt=\"G\u00e2teaux et biscuits sous film BOPP\" srcset=\"https:\/\/www.aera-sa.fr\/wp-content\/uploads\/2022\/03\/Gateaux-et-biscuits-scaled.jpg 2560w, https:\/\/www.aera-sa.fr\/wp-content\/uploads\/2022\/03\/Gateaux-et-biscuits-300x200.jpg 300w, https:\/\/www.aera-sa.fr\/wp-content\/uploads\/2022\/03\/Gateaux-et-biscuits-1024x683.jpg 1024w, https:\/\/www.aera-sa.fr\/wp-content\/uploads\/2022\/03\/Gateaux-et-biscuits-768x512.jpg 768w, https:\/\/www.aera-sa.fr\/wp-content\/uploads\/2022\/03\/Gateaux-et-biscuits-1536x1024.jpg 1536w, https:\/\/www.aera-sa.fr\/wp-content\/uploads\/2022\/03\/Gateaux-et-biscuits-2048x1365.jpg 2048w\" sizes=\"(max-width: 2560px) 100vw, 2560px\" \/><\/figure><div class=\"elementor-image-box-content\"><h3 class=\"elementor-image-box-title\">Cakes<\/h3><p class=\"elementor-image-box-description\"><br><\/p><\/div><\/div>\t\t\t\t<\/div>\n\t\t\t\t<\/div>\n\t\t\t\t\t<\/div>\n\t\t<\/div>\n\t\t\t\t\t<\/div>\n\t\t<\/section>\n\t\t\t\t\t<\/div>\n\t\t<\/div>\n\t\t\t\t\t<\/div>\n\t\t<\/section>\n\t\t\t\t<\/div>\n\t\t","protected":false},"excerpt":{"rendered":"<p>PVDC free barrier film We offer a full range of films offering the benefits of BOPP allied with the properties of coated films \u2013 innovative solutions with increased recyclability. These films can offer a highly efficient barrier against gas, humidity, odours and mineral oils, while maintaining their low-threshold sealing properties. Formats Please enquire for other [&hellip;]<\/p>\n","protected":false},"author":1,"featured_media":9906,"parent":0,"menu_order":0,"comment_status":"closed","ping_status":"closed","template":"","meta":{"inline_featured_image":false,"footnotes":""},"class_list":["post-10217","page","type-page","status-publish","has-post-thumbnail","hentry"],"yoast_head":"<!-- This site is optimized with the Yoast SEO plugin v25.6 - https:\/\/yoast.com\/wordpress\/plugins\/seo\/ -->\n<title>PVDC free barrier film - AERA<\/title>\n<meta name=\"robots\" content=\"index, follow, max-snippet:-1, max-image-preview:large, max-video-preview:-1\" \/>\n<link rel=\"canonical\" href=\"https:\/\/www.aera-sa.fr\/en\/pvdc-free-barrier-film\/\" \/>\n<meta property=\"og:locale\" content=\"en_US\" \/>\n<meta property=\"og:type\" content=\"article\" \/>\n<meta property=\"og:title\" content=\"PVDC free barrier film - AERA\" \/>\n<meta property=\"og:description\" content=\"PVDC free barrier film We offer a full range of films offering the benefits of BOPP allied with the properties of coated films \u2013 innovative solutions with increased recyclability. These films can offer a highly efficient barrier against gas, humidity, odours and mineral oils, while maintaining their low-threshold sealing properties. Formats Please enquire for other [&hellip;]\" \/>\n<meta property=\"og:url\" content=\"https:\/\/www.aera-sa.fr\/en\/pvdc-free-barrier-film\/\" \/>\n<meta property=\"og:site_name\" content=\"AERA\" \/>\n<meta property=\"article:modified_time\" content=\"2023-02-02T14:50:29+00:00\" \/>\n<meta property=\"og:image\" content=\"https:\/\/www.aera-sa.fr\/wp-content\/uploads\/2022\/07\/AIRDIASOL_DSC_9613.jpg\" \/>\n\t<meta property=\"og:image:width\" content=\"900\" \/>\n\t<meta property=\"og:image:height\" content=\"599\" \/>\n\t<meta property=\"og:image:type\" content=\"image\/jpeg\" \/>\n<meta name=\"twitter:card\" content=\"summary_large_image\" \/>\n<meta name=\"twitter:label1\" content=\"Est. reading time\" \/>\n\t<meta name=\"twitter:data1\" content=\"1 minute\" \/>\n<script type=\"application\/ld+json\" class=\"yoast-schema-graph\">{\"@context\":\"https:\/\/schema.org\",\"@graph\":[{\"@type\":\"WebPage\",\"@id\":\"https:\/\/www.aera-sa.fr\/en\/pvdc-free-barrier-film\/\",\"url\":\"https:\/\/www.aera-sa.fr\/en\/pvdc-free-barrier-film\/\",\"name\":\"PVDC free barrier film - AERA\",\"isPartOf\":{\"@id\":\"https:\/\/www.aera-sa.fr\/en\/#website\"},\"primaryImageOfPage\":{\"@id\":\"https:\/\/www.aera-sa.fr\/en\/pvdc-free-barrier-film\/#primaryimage\"},\"image\":{\"@id\":\"https:\/\/www.aera-sa.fr\/en\/pvdc-free-barrier-film\/#primaryimage\"},\"thumbnailUrl\":\"https:\/\/www.aera-sa.fr\/wp-content\/uploads\/2022\/07\/AIRDIASOL_DSC_9613.jpg\",\"datePublished\":\"2022-08-18T09:06:03+00:00\",\"dateModified\":\"2023-02-02T14:50:29+00:00\",\"breadcrumb\":{\"@id\":\"https:\/\/www.aera-sa.fr\/en\/pvdc-free-barrier-film\/#breadcrumb\"},\"inLanguage\":\"en-US\",\"potentialAction\":[{\"@type\":\"ReadAction\",\"target\":[\"https:\/\/www.aera-sa.fr\/en\/pvdc-free-barrier-film\/\"]}]},{\"@type\":\"ImageObject\",\"inLanguage\":\"en-US\",\"@id\":\"https:\/\/www.aera-sa.fr\/en\/pvdc-free-barrier-film\/#primaryimage\",\"url\":\"https:\/\/www.aera-sa.fr\/wp-content\/uploads\/2022\/07\/AIRDIASOL_DSC_9613.jpg\",\"contentUrl\":\"https:\/\/www.aera-sa.fr\/wp-content\/uploads\/2022\/07\/AIRDIASOL_DSC_9613.jpg\",\"width\":900,\"height\":599,\"caption\":\"Les batiments \u00e0 Bouxwiller de la soci\u00e9t\u00e9 AERA\"},{\"@type\":\"BreadcrumbList\",\"@id\":\"https:\/\/www.aera-sa.fr\/en\/pvdc-free-barrier-film\/#breadcrumb\",\"itemListElement\":[{\"@type\":\"ListItem\",\"position\":1,\"name\":\"Accueil\",\"item\":\"https:\/\/www.aera-sa.fr\/en\/home\/\"},{\"@type\":\"ListItem\",\"position\":2,\"name\":\"PVDC free barrier film\"}]},{\"@type\":\"WebSite\",\"@id\":\"https:\/\/www.aera-sa.fr\/en\/#website\",\"url\":\"https:\/\/www.aera-sa.fr\/en\/\",\"name\":\"AERA\",\"description\":\"Solutions de mise sous film et papier\",\"publisher\":{\"@id\":\"https:\/\/www.aera-sa.fr\/en\/#organization\"},\"potentialAction\":[{\"@type\":\"SearchAction\",\"target\":{\"@type\":\"EntryPoint\",\"urlTemplate\":\"https:\/\/www.aera-sa.fr\/en\/?s={search_term_string}\"},\"query-input\":{\"@type\":\"PropertyValueSpecification\",\"valueRequired\":true,\"valueName\":\"search_term_string\"}}],\"inLanguage\":\"en-US\"},{\"@type\":\"Organization\",\"@id\":\"https:\/\/www.aera-sa.fr\/en\/#organization\",\"name\":\"AERA\",\"url\":\"https:\/\/www.aera-sa.fr\/en\/\",\"logo\":{\"@type\":\"ImageObject\",\"inLanguage\":\"en-US\",\"@id\":\"https:\/\/www.aera-sa.fr\/en\/#\/schema\/logo\/image\/\",\"url\":\"https:\/\/www.aera-sa.fr\/wp-content\/uploads\/2021\/09\/logo-aera-miroir.png\",\"contentUrl\":\"https:\/\/www.aera-sa.fr\/wp-content\/uploads\/2021\/09\/logo-aera-miroir.png\",\"width\":177,\"height\":264,\"caption\":\"AERA\"},\"image\":{\"@id\":\"https:\/\/www.aera-sa.fr\/en\/#\/schema\/logo\/image\/\"}}]}<\/script>\n<!-- \/ Yoast SEO plugin. -->","yoast_head_json":{"title":"PVDC free barrier film - AERA","robots":{"index":"index","follow":"follow","max-snippet":"max-snippet:-1","max-image-preview":"max-image-preview:large","max-video-preview":"max-video-preview:-1"},"canonical":"https:\/\/www.aera-sa.fr\/en\/pvdc-free-barrier-film\/","og_locale":"en_US","og_type":"article","og_title":"PVDC free barrier film - AERA","og_description":"PVDC free barrier film We offer a full range of films offering the benefits of BOPP allied with the properties of coated films \u2013 innovative solutions with increased recyclability. These films can offer a highly efficient barrier against gas, humidity, odours and mineral oils, while maintaining their low-threshold sealing properties. Formats Please enquire for other [&hellip;]","og_url":"https:\/\/www.aera-sa.fr\/en\/pvdc-free-barrier-film\/","og_site_name":"AERA","article_modified_time":"2023-02-02T14:50:29+00:00","og_image":[{"width":900,"height":599,"url":"https:\/\/www.aera-sa.fr\/wp-content\/uploads\/2022\/07\/AIRDIASOL_DSC_9613.jpg","type":"image\/jpeg"}],"twitter_card":"summary_large_image","twitter_misc":{"Est. reading time":"1 minute"},"schema":{"@context":"https:\/\/schema.org","@graph":[{"@type":"WebPage","@id":"https:\/\/www.aera-sa.fr\/en\/pvdc-free-barrier-film\/","url":"https:\/\/www.aera-sa.fr\/en\/pvdc-free-barrier-film\/","name":"PVDC free barrier film - AERA","isPartOf":{"@id":"https:\/\/www.aera-sa.fr\/en\/#website"},"primaryImageOfPage":{"@id":"https:\/\/www.aera-sa.fr\/en\/pvdc-free-barrier-film\/#primaryimage"},"image":{"@id":"https:\/\/www.aera-sa.fr\/en\/pvdc-free-barrier-film\/#primaryimage"},"thumbnailUrl":"https:\/\/www.aera-sa.fr\/wp-content\/uploads\/2022\/07\/AIRDIASOL_DSC_9613.jpg","datePublished":"2022-08-18T09:06:03+00:00","dateModified":"2023-02-02T14:50:29+00:00","breadcrumb":{"@id":"https:\/\/www.aera-sa.fr\/en\/pvdc-free-barrier-film\/#breadcrumb"},"inLanguage":"en-US","potentialAction":[{"@type":"ReadAction","target":["https:\/\/www.aera-sa.fr\/en\/pvdc-free-barrier-film\/"]}]},{"@type":"ImageObject","inLanguage":"en-US","@id":"https:\/\/www.aera-sa.fr\/en\/pvdc-free-barrier-film\/#primaryimage","url":"https:\/\/www.aera-sa.fr\/wp-content\/uploads\/2022\/07\/AIRDIASOL_DSC_9613.jpg","contentUrl":"https:\/\/www.aera-sa.fr\/wp-content\/uploads\/2022\/07\/AIRDIASOL_DSC_9613.jpg","width":900,"height":599,"caption":"Les batiments \u00e0 Bouxwiller de la soci\u00e9t\u00e9 AERA"},{"@type":"BreadcrumbList","@id":"https:\/\/www.aera-sa.fr\/en\/pvdc-free-barrier-film\/#breadcrumb","itemListElement":[{"@type":"ListItem","position":1,"name":"Accueil","item":"https:\/\/www.aera-sa.fr\/en\/home\/"},{"@type":"ListItem","position":2,"name":"PVDC free barrier film"}]},{"@type":"WebSite","@id":"https:\/\/www.aera-sa.fr\/en\/#website","url":"https:\/\/www.aera-sa.fr\/en\/","name":"AERA","description":"Solutions de mise sous film et papier","publisher":{"@id":"https:\/\/www.aera-sa.fr\/en\/#organization"},"potentialAction":[{"@type":"SearchAction","target":{"@type":"EntryPoint","urlTemplate":"https:\/\/www.aera-sa.fr\/en\/?s={search_term_string}"},"query-input":{"@type":"PropertyValueSpecification","valueRequired":true,"valueName":"search_term_string"}}],"inLanguage":"en-US"},{"@type":"Organization","@id":"https:\/\/www.aera-sa.fr\/en\/#organization","name":"AERA","url":"https:\/\/www.aera-sa.fr\/en\/","logo":{"@type":"ImageObject","inLanguage":"en-US","@id":"https:\/\/www.aera-sa.fr\/en\/#\/schema\/logo\/image\/","url":"https:\/\/www.aera-sa.fr\/wp-content\/uploads\/2021\/09\/logo-aera-miroir.png","contentUrl":"https:\/\/www.aera-sa.fr\/wp-content\/uploads\/2021\/09\/logo-aera-miroir.png","width":177,"height":264,"caption":"AERA"},"image":{"@id":"https:\/\/www.aera-sa.fr\/en\/#\/schema\/logo\/image\/"}}]}},"_links":{"self":[{"href":"https:\/\/www.aera-sa.fr\/en\/wp-json\/wp\/v2\/pages\/10217","targetHints":{"allow":["GET"]}}],"collection":[{"href":"https:\/\/www.aera-sa.fr\/en\/wp-json\/wp\/v2\/pages"}],"about":[{"href":"https:\/\/www.aera-sa.fr\/en\/wp-json\/wp\/v2\/types\/page"}],"author":[{"embeddable":true,"href":"https:\/\/www.aera-sa.fr\/en\/wp-json\/wp\/v2\/users\/1"}],"replies":[{"embeddable":true,"href":"https:\/\/www.aera-sa.fr\/en\/wp-json\/wp\/v2\/comments?post=10217"}],"version-history":[{"count":1,"href":"https:\/\/www.aera-sa.fr\/en\/wp-json\/wp\/v2\/pages\/10217\/revisions"}],"predecessor-version":[{"id":10218,"href":"https:\/\/www.aera-sa.fr\/en\/wp-json\/wp\/v2\/pages\/10217\/revisions\/10218"}],"wp:featuredmedia":[{"embeddable":true,"href":"https:\/\/www.aera-sa.fr\/en\/wp-json\/wp\/v2\/media\/9906"}],"wp:attachment":[{"href":"https:\/\/www.aera-sa.fr\/en\/wp-json\/wp\/v2\/media?parent=10217"}],"curies":[{"name":"wp","href":"https:\/\/api.w.org\/{rel}","templated":true}]}}